{"id":99987,"date":"2025-11-12T12:26:26","date_gmt":"2025-11-12T11:26:26","guid":{"rendered":"https:\/\/www.ernstbrunn-apotheke.at\/katalog\/produkt\/la-roche-cicaplast-lavant-b5-reinigungsgel\/"},"modified":"2025-12-08T21:08:54","modified_gmt":"2025-12-08T20:08:54","slug":"la-roche-cicaplast-lavant-b5-reinigungsgel","status":"publish","type":"product","link":"https:\/\/www.ernstbrunn-apotheke.at\/katalog\/produkt\/la-roche-cicaplast-lavant-b5-reinigungsgel\/","title":{"rendered":"La Roche Cicaplast Lavant B5 Reinigungsgel"},"content":{"rendered":"<p>La Roche-Posay Cicaplast Lavant B5 sanftes Reinigungsgel 200 ml ist eine besonders sanfte, sch\u00e4umende Waschlotion f\u00fcr Gesicht und K\u00f6rper, die beruhigt und reinigt, ohne auszutrocknen. Die Formel ist reich an bes\u00e4nftigendem Panthenol, sanften antibakteriellen Wirkstoffen und pflegendem Glycerin. Sie reinigt, beruhigt und wirkt r\u00fcckfettend auf die Haut.<\/p>\n","protected":false},"excerpt":{"rendered":"<p>La Roche-Posay Cicaplast Lavant B5 sanftes Reinigungsgel 200 ml ist eine besonders sanfte, sch\u00e4umende Waschlotion f\u00fcr Gesicht und K\u00f6rper, die beruhigt und reinigt, ohne auszutrocknen. Die Formel ist reich an bes\u00e4nftigendem Panthenol, sanften antibakteriellen Wirkstoffen und pflegendem Glycerin. Sie reinigt, beruhigt und wirkt r\u00fcckfettend auf die Haut.<\/p>\n","protected":false},"featured_media":99989,"template":"","meta":{"_acf_changed":false},"product_brand":[677],"product_cat":[795],"product_tag":[],"class_list":{"0":"post-99987","1":"product","2":"type-product","3":"status-publish","4":"has-post-thumbnail","6":"product_brand-la-roche-posay","7":"product_cat-l","8":"pa_packungsgroesse-200ml","10":"first","11":"instock","12":"shipping-taxable","13":"purchasable","14":"product-type-simple"},"acf":[],"_links":{"self":[{"href":"https:\/\/www.ernstbrunn-apotheke.at\/katalog\/wp-json\/wp\/v2\/product\/99987","targetHints":{"allow":["GET"]}}],"collection":[{"href":"https:\/\/www.ernstbrunn-apotheke.at\/katalog\/wp-json\/wp\/v2\/product"}],"about":[{"href":"https:\/\/www.ernstbrunn-apotheke.at\/katalog\/wp-json\/wp\/v2\/types\/product"}],"wp:featuredmedia":[{"embeddable":true,"href":"https:\/\/www.ernstbrunn-apotheke.at\/katalog\/wp-json\/wp\/v2\/media\/99989"}],"wp:attachment":[{"href":"https:\/\/www.ernstbrunn-apotheke.at\/katalog\/wp-json\/wp\/v2\/media?parent=99987"}],"wp:term":[{"taxonomy":"product_brand","embeddable":true,"href":"https:\/\/www.ernstbrunn-apotheke.at\/katalog\/wp-json\/wp\/v2\/product_brand?post=99987"},{"taxonomy":"product_cat","embeddable":true,"href":"https:\/\/www.ernstbrunn-apotheke.at\/katalog\/wp-json\/wp\/v2\/product_cat?post=99987"},{"taxonomy":"product_tag","embeddable":true,"href":"https:\/\/www.ernstbrunn-apotheke.at\/katalog\/wp-json\/wp\/v2\/product_tag?post=99987"}],"curies":[{"name":"wp","href":"https:\/\/api.w.org\/{rel}","templated":true}]}}