{"id":9971,"date":"2025-11-07T14:08:38","date_gmt":"2025-11-07T13:08:38","guid":{"rendered":"https:\/\/www.ernstbrunn-apotheke.at\/katalog\/produkt\/renol-kraeuterextrakt-tropfen\/"},"modified":"2025-12-08T13:28:40","modified_gmt":"2025-12-08T12:28:40","slug":"renol-kraeuterextrakt-tropfen","status":"publish","type":"product","link":"https:\/\/www.ernstbrunn-apotheke.at\/katalog\/produkt\/renol-kraeuterextrakt-tropfen\/","title":{"rendered":"Renol Kr\u00e4uterextrakt Tropfen"},"content":{"rendered":"<p>Renol Kr\u00e4uterextrakt Tropfen sind ein Nahrungserg\u00e4nzungsmittel mit sekund\u00e4rstoffreichen Pflanzenextrakten als fl\u00fcssiges Kr\u00e4uterkonzentrat. Die Tropfen sind insbesondere f\u00fcr eine F\u00f6rderung einer antioxidativen und den Wasserdurchsatz der Nieren f\u00f6rdernden Ern\u00e4hrung hilfreich.<\/p>\n","protected":false},"excerpt":{"rendered":"<p>Renol Kr\u00e4uterextrakt Tropfen sind ein Nahrungserg\u00e4nzungsmittel mit sekund\u00e4rstoffreichen Pflanzenextrakten als fl\u00fcssiges Kr\u00e4uterkonzentrat. Die Tropfen sind insbesondere f\u00fcr eine F\u00f6rderung einer antioxidativen und den Wasserdurchsatz der Nieren f\u00f6rdernden Ern\u00e4hrung hilfreich.<\/p>\n","protected":false},"featured_media":9973,"template":"","meta":{"_acf_changed":false},"product_brand":[],"product_cat":[808],"product_tag":[],"class_list":{"0":"post-9971","1":"product","2":"type-product","3":"status-publish","4":"has-post-thumbnail","6":"product_cat-r","7":"pa_packungsgroesse-30ml","9":"first","10":"instock","11":"shipping-taxable","12":"purchasable","13":"product-type-simple"},"acf":[],"_links":{"self":[{"href":"https:\/\/www.ernstbrunn-apotheke.at\/katalog\/wp-json\/wp\/v2\/product\/9971","targetHints":{"allow":["GET"]}}],"collection":[{"href":"https:\/\/www.ernstbrunn-apotheke.at\/katalog\/wp-json\/wp\/v2\/product"}],"about":[{"href":"https:\/\/www.ernstbrunn-apotheke.at\/katalog\/wp-json\/wp\/v2\/types\/product"}],"wp:featuredmedia":[{"embeddable":true,"href":"https:\/\/www.ernstbrunn-apotheke.at\/katalog\/wp-json\/wp\/v2\/media\/9973"}],"wp:attachment":[{"href":"https:\/\/www.ernstbrunn-apotheke.at\/katalog\/wp-json\/wp\/v2\/media?parent=9971"}],"wp:term":[{"taxonomy":"product_brand","embeddable":true,"href":"https:\/\/www.ernstbrunn-apotheke.at\/katalog\/wp-json\/wp\/v2\/product_brand?post=9971"},{"taxonomy":"product_cat","embeddable":true,"href":"https:\/\/www.ernstbrunn-apotheke.at\/katalog\/wp-json\/wp\/v2\/product_cat?post=9971"},{"taxonomy":"product_tag","embeddable":true,"href":"https:\/\/www.ernstbrunn-apotheke.at\/katalog\/wp-json\/wp\/v2\/product_tag?post=9971"}],"curies":[{"name":"wp","href":"https:\/\/api.w.org\/{rel}","templated":true}]}}