{"id":99688,"date":"2025-11-12T12:18:13","date_gmt":"2025-11-12T11:18:13","guid":{"rendered":"https:\/\/www.ernstbrunn-apotheke.at\/katalog\/produkt\/pedimol-kraeuterbalsam-100-ml\/"},"modified":"2025-12-08T21:07:34","modified_gmt":"2025-12-08T20:07:34","slug":"pedimol-kraeuterbalsam-100-ml","status":"publish","type":"product","link":"https:\/\/www.ernstbrunn-apotheke.at\/katalog\/produkt\/pedimol-kraeuterbalsam-100-ml\/","title":{"rendered":"Pedimol Kr\u00e4uterbalsam 100 ml"},"content":{"rendered":"<p>pedimol 110 Kr\u00e4uter Balsam hilft beim Massieren von verkrampfter, \u00fcberanstrengender Muskulatur und l\u00e4sst die Gelenke freier werden. Wirkt entspannend auf K\u00f6rper, Seele und Geist<\/p>\n","protected":false},"excerpt":{"rendered":"<p>pedimol 110 Kr\u00e4uter Balsam hilft beim Massieren von verkrampfter, \u00fcberanstrengender Muskulatur und l\u00e4sst die Gelenke freier werden. Wirkt entspannend auf K\u00f6rper, Seele und Geist<\/p>\n","protected":false},"featured_media":99690,"template":"","meta":{"_acf_changed":false},"product_brand":[],"product_cat":[793],"product_tag":[],"class_list":{"0":"post-99688","1":"product","2":"type-product","3":"status-publish","4":"has-post-thumbnail","6":"product_cat-p","7":"pa_packungsgroesse-100ml","9":"first","10":"instock","11":"shipping-taxable","12":"purchasable","13":"product-type-simple"},"acf":[],"_links":{"self":[{"href":"https:\/\/www.ernstbrunn-apotheke.at\/katalog\/wp-json\/wp\/v2\/product\/99688","targetHints":{"allow":["GET"]}}],"collection":[{"href":"https:\/\/www.ernstbrunn-apotheke.at\/katalog\/wp-json\/wp\/v2\/product"}],"about":[{"href":"https:\/\/www.ernstbrunn-apotheke.at\/katalog\/wp-json\/wp\/v2\/types\/product"}],"wp:featuredmedia":[{"embeddable":true,"href":"https:\/\/www.ernstbrunn-apotheke.at\/katalog\/wp-json\/wp\/v2\/media\/99690"}],"wp:attachment":[{"href":"https:\/\/www.ernstbrunn-apotheke.at\/katalog\/wp-json\/wp\/v2\/media?parent=99688"}],"wp:term":[{"taxonomy":"product_brand","embeddable":true,"href":"https:\/\/www.ernstbrunn-apotheke.at\/katalog\/wp-json\/wp\/v2\/product_brand?post=99688"},{"taxonomy":"product_cat","embeddable":true,"href":"https:\/\/www.ernstbrunn-apotheke.at\/katalog\/wp-json\/wp\/v2\/product_cat?post=99688"},{"taxonomy":"product_tag","embeddable":true,"href":"https:\/\/www.ernstbrunn-apotheke.at\/katalog\/wp-json\/wp\/v2\/product_tag?post=99688"}],"curies":[{"name":"wp","href":"https:\/\/api.w.org\/{rel}","templated":true}]}}