{"id":99678,"date":"2025-11-12T12:18:13","date_gmt":"2025-11-12T11:18:13","guid":{"rendered":"https:\/\/www.ernstbrunn-apotheke.at\/katalog\/produkt\/vis-terrena-ur-basenkur\/"},"modified":"2025-12-08T21:07:31","modified_gmt":"2025-12-08T20:07:31","slug":"vis-terrena-ur-basenkur","status":"publish","type":"product","link":"https:\/\/www.ernstbrunn-apotheke.at\/katalog\/produkt\/vis-terrena-ur-basenkur\/","title":{"rendered":"Vis Terrena Ur Basenkur"},"content":{"rendered":"<p>Rein pflanzlich-mineralische Basenquelle f\u00fcr Leber-Stoffwechsel &#038; Elektrolythaushalt <\/p>\n<p>vis terrena\u00ae UR Basenkur 130 g f\u00f6rdert den Leberstoffwechsel einerseits durch rein nat\u00fcrliche basische Mineralstoffe andererseits auch durch Cholin, Betain aus der Roten Beete, Mariendistel und Artischocke. Zus\u00e4tzlich wird der S\u00e4ure-Basen-Haushalt durch pflanzliches Kalium aus Spinat, Brennnesseln und Bananen, nat\u00fcrliches Magnesium aus Meerwasser und durch mineralisch-basisches Calcium aus Kalkgestein unterst\u00fctzt.\u00a0<\/p>\n<p>LEBER-STOFFWECHSEL\u00a0<\/p>\n<p>Lecithin z\u00e4hlt zu den sogenannten Phos pholipiden und enth\u00e4lt gro\u00dfe Mengen an Cholin. Cholin tr\u00e4gt bei zur Erhaltung einer normalen Leberfunktion.<\/p>\n<p>ELEKTROLYTHAUSHALT<\/p>\n<p>Basisches Magnesium aus Brennnesseln, Spinat und Meerwasser tr\u00e4gt bei zur Auf rechterhaltung eines normalen Elektrolyt Gleichgewichtes und zu einer normalen Muskelfunktion.\u00a0<\/p>\n<p>VERZEHREMPFEHLUNG\u00a0<\/p>\n<p>Abends einen leicht geh\u00e4uften Essl\u00f6ffel (= 10 g) in \u00bc Liter (warmes oder kaltes) Was ser intensiv einr\u00fchren und langsam trinken.<\/p>\n","protected":false},"excerpt":{"rendered":"<p>Rein pflanzlich-mineralische Basenquelle f\u00fcr Leber-Stoffwechsel &#038; Elektrolythaushalt vis terrena\u00ae UR Basenkur 130 g f\u00f6rdert den Leberstoffwechsel einerseits durch rein nat\u00fcrliche basische Mineralstoffe andererseits auch durch Cholin, Betain aus der Roten Beete, Mariendistel und Artischocke. Zus\u00e4tzlich wird der S\u00e4ure-Basen-Haushalt durch pflanzliches Kalium aus Spinat, Brennnesseln und Bananen, nat\u00fcrliches Magnesium aus Meerwasser und durch mineralisch-basisches Calcium aus [&hellip;]<\/p>\n","protected":false},"featured_media":99680,"template":"","meta":{"_acf_changed":false},"product_brand":[1252],"product_cat":[799],"product_tag":[],"class_list":{"0":"post-99678","1":"product","2":"type-product","3":"status-publish","4":"has-post-thumbnail","6":"product_brand-vis-terrena","7":"product_cat-v","8":"pa_packungsgroesse-130g","10":"first","11":"instock","12":"shipping-taxable","13":"purchasable","14":"product-type-simple"},"acf":[],"_links":{"self":[{"href":"https:\/\/www.ernstbrunn-apotheke.at\/katalog\/wp-json\/wp\/v2\/product\/99678","targetHints":{"allow":["GET"]}}],"collection":[{"href":"https:\/\/www.ernstbrunn-apotheke.at\/katalog\/wp-json\/wp\/v2\/product"}],"about":[{"href":"https:\/\/www.ernstbrunn-apotheke.at\/katalog\/wp-json\/wp\/v2\/types\/product"}],"wp:featuredmedia":[{"embeddable":true,"href":"https:\/\/www.ernstbrunn-apotheke.at\/katalog\/wp-json\/wp\/v2\/media\/99680"}],"wp:attachment":[{"href":"https:\/\/www.ernstbrunn-apotheke.at\/katalog\/wp-json\/wp\/v2\/media?parent=99678"}],"wp:term":[{"taxonomy":"product_brand","embeddable":true,"href":"https:\/\/www.ernstbrunn-apotheke.at\/katalog\/wp-json\/wp\/v2\/product_brand?post=99678"},{"taxonomy":"product_cat","embeddable":true,"href":"https:\/\/www.ernstbrunn-apotheke.at\/katalog\/wp-json\/wp\/v2\/product_cat?post=99678"},{"taxonomy":"product_tag","embeddable":true,"href":"https:\/\/www.ernstbrunn-apotheke.at\/katalog\/wp-json\/wp\/v2\/product_tag?post=99678"}],"curies":[{"name":"wp","href":"https:\/\/api.w.org\/{rel}","templated":true}]}}