{"id":99651,"date":"2025-11-12T12:16:58","date_gmt":"2025-11-12T11:16:58","guid":{"rendered":"https:\/\/www.ernstbrunn-apotheke.at\/katalog\/produkt\/restaxil-nervenschmerzgel\/"},"modified":"2025-12-08T21:07:27","modified_gmt":"2025-12-08T20:07:27","slug":"restaxil-nervenschmerzgel","status":"publish","type":"product","link":"https:\/\/www.ernstbrunn-apotheke.at\/katalog\/produkt\/restaxil-nervenschmerzgel\/","title":{"rendered":"Restaxil Nervenschmerzgel"},"content":{"rendered":"<p>Restaxil\u00ae Nervenschmerzgel wirkt mit der Kraft eines speziellen Dualkomplex, der sich aus zwei besonderen pflanzlichen Wirkstoffen zusammensetzt: Iris versicolor und Spigelia anthelmia. Beide Wirkstoffe der Restaxil Gel haben sich bei der Behandlung von Nervenschmerzen bew\u00e4hrt. Nervenschmerzen \u00e4u\u00dfern sich zB in immer wiederkehrenden Nacken- und R\u00fcckenschmerzen oder Brennen, Kribbeln oder Taubheitsgef\u00fchle in Beinen und F\u00fc\u00dfen. Was viele nicht wissen: H\u00e4ufig sind der Ausl\u00f6ser f\u00fcr diese Beschwerden gesch\u00e4digte oder gereizte Nerven. Das Nervengel ist lokal auf der Haut anzuwenden.  Restaxil gegen Nervenschmerzen bek\u00e4mpft solche Schmerzen gezielt.<\/p>\n","protected":false},"excerpt":{"rendered":"<p>Restaxil\u00ae Nervenschmerzgel wirkt mit der Kraft eines speziellen Dualkomplex, der sich aus zwei besonderen pflanzlichen Wirkstoffen zusammensetzt: Iris versicolor und Spigelia anthelmia. Beide Wirkstoffe der Restaxil Gel haben sich bei der Behandlung von Nervenschmerzen bew\u00e4hrt. Nervenschmerzen \u00e4u\u00dfern sich zB in immer wiederkehrenden Nacken- und R\u00fcckenschmerzen oder Brennen, Kribbeln oder Taubheitsgef\u00fchle in Beinen und F\u00fc\u00dfen. Was [&hellip;]<\/p>\n","protected":false},"featured_media":99653,"template":"","meta":{"_acf_changed":false},"product_brand":[],"product_cat":[808],"product_tag":[],"class_list":{"0":"post-99651","1":"product","2":"type-product","3":"status-publish","4":"has-post-thumbnail","6":"product_cat-r","7":"pa_packungsgroesse-120g","9":"first","10":"instock","11":"shipping-taxable","12":"purchasable","13":"product-type-simple"},"acf":[],"_links":{"self":[{"href":"https:\/\/www.ernstbrunn-apotheke.at\/katalog\/wp-json\/wp\/v2\/product\/99651","targetHints":{"allow":["GET"]}}],"collection":[{"href":"https:\/\/www.ernstbrunn-apotheke.at\/katalog\/wp-json\/wp\/v2\/product"}],"about":[{"href":"https:\/\/www.ernstbrunn-apotheke.at\/katalog\/wp-json\/wp\/v2\/types\/product"}],"wp:featuredmedia":[{"embeddable":true,"href":"https:\/\/www.ernstbrunn-apotheke.at\/katalog\/wp-json\/wp\/v2\/media\/99653"}],"wp:attachment":[{"href":"https:\/\/www.ernstbrunn-apotheke.at\/katalog\/wp-json\/wp\/v2\/media?parent=99651"}],"wp:term":[{"taxonomy":"product_brand","embeddable":true,"href":"https:\/\/www.ernstbrunn-apotheke.at\/katalog\/wp-json\/wp\/v2\/product_brand?post=99651"},{"taxonomy":"product_cat","embeddable":true,"href":"https:\/\/www.ernstbrunn-apotheke.at\/katalog\/wp-json\/wp\/v2\/product_cat?post=99651"},{"taxonomy":"product_tag","embeddable":true,"href":"https:\/\/www.ernstbrunn-apotheke.at\/katalog\/wp-json\/wp\/v2\/product_tag?post=99651"}],"curies":[{"name":"wp","href":"https:\/\/api.w.org\/{rel}","templated":true}]}}