{"id":99641,"date":"2025-11-12T12:16:58","date_gmt":"2025-11-12T11:16:58","guid":{"rendered":"https:\/\/www.ernstbrunn-apotheke.at\/katalog\/produkt\/restaxil-tropfen\/"},"modified":"2025-12-08T21:07:25","modified_gmt":"2025-12-08T20:07:25","slug":"restaxil-tropfen","status":"publish","type":"product","link":"https:\/\/www.ernstbrunn-apotheke.at\/katalog\/produkt\/restaxil-tropfen\/","title":{"rendered":"Restaxil Tropfen"},"content":{"rendered":"<p>Restaxil\u00ae Tropfen sind ein zugelassenes Arzneimittel zur Behandlung von Nervenschmerzen. Nervenschmerzen zeigen sich z. B. bei ausstrahlenden R\u00fcckenschmerzen. H\u00e4ufig werden Nervenschmerzen auch begleitet von Empfindungsst\u00f6rungen wie Brennen, Kribbeln und Taubheitsgef\u00fchlen in Beinen und F\u00fc\u00dfen. Restaxil\u00ae Tropfen enthalten einen besonderen Komplex aus f\u00fcnf Wirkstoffen, die gem\u00e4\u00df dem \u00c4hnlichkeitsprinzip auf die zu behandelnden Nervenschmerzen abgestimmt wurden. In unverd\u00fcnnter Form k\u00f6nnen sie die genannten Symptome ausl\u00f6sen. In spezieller Dosierung, wie in Restaxil\u00ae Tropfen, bewirken sie allerdings genau das Gegenteil \u2013 sie bek\u00e4mpfen die Beschwerden. Als Standortapotheke bieten wir Ihnen 100% Sicherheit und ausschlie\u00dflich Originalprodukte!<\/p>\n","protected":false},"excerpt":{"rendered":"<p>Restaxil\u00ae Tropfen sind ein zugelassenes Arzneimittel zur Behandlung von Nervenschmerzen. Nervenschmerzen zeigen sich z. B. bei ausstrahlenden R\u00fcckenschmerzen. H\u00e4ufig werden Nervenschmerzen auch begleitet von Empfindungsst\u00f6rungen wie Brennen, Kribbeln und Taubheitsgef\u00fchlen in Beinen und F\u00fc\u00dfen. Restaxil\u00ae Tropfen enthalten einen besonderen Komplex aus f\u00fcnf Wirkstoffen, die gem\u00e4\u00df dem \u00c4hnlichkeitsprinzip auf die zu behandelnden Nervenschmerzen abgestimmt wurden. In [&hellip;]<\/p>\n","protected":false},"featured_media":99643,"template":"","meta":{"_acf_changed":false},"product_brand":[],"product_cat":[808],"product_tag":[],"class_list":{"0":"post-99641","1":"product","2":"type-product","3":"status-publish","4":"has-post-thumbnail","6":"product_cat-r","7":"pa_packungsgroesse-30ml","9":"first","10":"instock","11":"shipping-taxable","12":"purchasable","13":"product-type-simple"},"acf":[],"_links":{"self":[{"href":"https:\/\/www.ernstbrunn-apotheke.at\/katalog\/wp-json\/wp\/v2\/product\/99641","targetHints":{"allow":["GET"]}}],"collection":[{"href":"https:\/\/www.ernstbrunn-apotheke.at\/katalog\/wp-json\/wp\/v2\/product"}],"about":[{"href":"https:\/\/www.ernstbrunn-apotheke.at\/katalog\/wp-json\/wp\/v2\/types\/product"}],"wp:featuredmedia":[{"embeddable":true,"href":"https:\/\/www.ernstbrunn-apotheke.at\/katalog\/wp-json\/wp\/v2\/media\/99643"}],"wp:attachment":[{"href":"https:\/\/www.ernstbrunn-apotheke.at\/katalog\/wp-json\/wp\/v2\/media?parent=99641"}],"wp:term":[{"taxonomy":"product_brand","embeddable":true,"href":"https:\/\/www.ernstbrunn-apotheke.at\/katalog\/wp-json\/wp\/v2\/product_brand?post=99641"},{"taxonomy":"product_cat","embeddable":true,"href":"https:\/\/www.ernstbrunn-apotheke.at\/katalog\/wp-json\/wp\/v2\/product_cat?post=99641"},{"taxonomy":"product_tag","embeddable":true,"href":"https:\/\/www.ernstbrunn-apotheke.at\/katalog\/wp-json\/wp\/v2\/product_tag?post=99641"}],"curies":[{"name":"wp","href":"https:\/\/api.w.org\/{rel}","templated":true}]}}