{"id":9911,"date":"2025-11-07T14:07:11","date_gmt":"2025-11-07T13:07:11","guid":{"rendered":"https:\/\/www.ernstbrunn-apotheke.at\/katalog\/produkt\/espara-cranberry-preiselbeere-kapseln-60-stk\/"},"modified":"2025-12-08T13:28:34","modified_gmt":"2025-12-08T12:28:34","slug":"espara-cranberry-preiselbeere-kapseln-60-stk","status":"publish","type":"product","link":"https:\/\/www.ernstbrunn-apotheke.at\/katalog\/produkt\/espara-cranberry-preiselbeere-kapseln-60-stk\/","title":{"rendered":"Espara Cranberry-Preiselbeere Kapseln 60 Stk."},"content":{"rendered":"<p>Nahrungserg\u00e4nzungsmittel mit Vitamin B2 und dem Mineralstoff Zink in einer Basis aus Cranberry, Preiselbeere, B\u00e4rentraube und Kapuzinerkresse. Vitamin B2 und Zink tragen dazu bei, die Zellen vor oxidativem Stress zu sch\u00fctzen. Zink tr\u00e4gt zu einer normalen Funktion des Immunsystems bei und Vitamin B2 zur Erhaltung normaler Schleimh\u00e4ute. Zum antioxidativen Schutz und f\u00fcr die Gesundheit der ableitenden Harnwege.<\/p>\n","protected":false},"excerpt":{"rendered":"<p>Nahrungserg\u00e4nzungsmittel mit Vitamin B2 und dem Mineralstoff Zink in einer Basis aus Cranberry, Preiselbeere, B\u00e4rentraube und Kapuzinerkresse. Vitamin B2 und Zink tragen dazu bei, die Zellen vor oxidativem Stress zu sch\u00fctzen. Zink tr\u00e4gt zu einer normalen Funktion des Immunsystems bei und Vitamin B2 zur Erhaltung normaler Schleimh\u00e4ute. Zum antioxidativen Schutz und f\u00fcr die Gesundheit der [&hellip;]<\/p>\n","protected":false},"featured_media":9913,"template":"","meta":{"_acf_changed":false},"product_brand":[383],"product_cat":[794],"product_tag":[],"class_list":{"0":"post-9911","1":"product","2":"type-product","3":"status-publish","4":"has-post-thumbnail","6":"product_brand-espara","7":"product_cat-e","8":"pa_packungsgroesse-60-stueck","10":"first","11":"instock","12":"shipping-taxable","13":"purchasable","14":"product-type-simple"},"acf":[],"_links":{"self":[{"href":"https:\/\/www.ernstbrunn-apotheke.at\/katalog\/wp-json\/wp\/v2\/product\/9911","targetHints":{"allow":["GET"]}}],"collection":[{"href":"https:\/\/www.ernstbrunn-apotheke.at\/katalog\/wp-json\/wp\/v2\/product"}],"about":[{"href":"https:\/\/www.ernstbrunn-apotheke.at\/katalog\/wp-json\/wp\/v2\/types\/product"}],"wp:featuredmedia":[{"embeddable":true,"href":"https:\/\/www.ernstbrunn-apotheke.at\/katalog\/wp-json\/wp\/v2\/media\/9913"}],"wp:attachment":[{"href":"https:\/\/www.ernstbrunn-apotheke.at\/katalog\/wp-json\/wp\/v2\/media?parent=9911"}],"wp:term":[{"taxonomy":"product_brand","embeddable":true,"href":"https:\/\/www.ernstbrunn-apotheke.at\/katalog\/wp-json\/wp\/v2\/product_brand?post=9911"},{"taxonomy":"product_cat","embeddable":true,"href":"https:\/\/www.ernstbrunn-apotheke.at\/katalog\/wp-json\/wp\/v2\/product_cat?post=9911"},{"taxonomy":"product_tag","embeddable":true,"href":"https:\/\/www.ernstbrunn-apotheke.at\/katalog\/wp-json\/wp\/v2\/product_tag?post=9911"}],"curies":[{"name":"wp","href":"https:\/\/api.w.org\/{rel}","templated":true}]}}