{"id":9901,"date":"2025-11-07T14:07:11","date_gmt":"2025-11-07T13:07:11","guid":{"rendered":"https:\/\/www.ernstbrunn-apotheke.at\/katalog\/produkt\/waterfall-d-mannose-50-stk-tabletten\/"},"modified":"2025-12-08T13:28:33","modified_gmt":"2025-12-08T12:28:33","slug":"waterfall-d-mannose-50-stk-tabletten","status":"publish","type":"product","link":"https:\/\/www.ernstbrunn-apotheke.at\/katalog\/produkt\/waterfall-d-mannose-50-stk-tabletten\/","title":{"rendered":"Waterfall D-Mannose 50 Stk. Tabletten"},"content":{"rendered":"<p>D-Mannose ist ein nat\u00fcrlicher Monosaccharid-Extrakt aus L\u00e4rchenholz. Sie ist eine Reinsubstanz, nat\u00fcrlich und absolut sicher, sogar f\u00fcr Kleinkinder (sie ist ja wirklich eine Art Zucker) und hat dabei einmalige Eigenschaften, die sie bei der Ausrottung der hartn\u00e4ckigen E. coli in Niere, Harnwegen und Blase zur allerersten Wahl machen. D-Mannose ist 100% sicher, ohne Nebenwirkungen, und ist auch f\u00fcr S\u00e4uglinge geeignet.<\/p>\n","protected":false},"excerpt":{"rendered":"<p>D-Mannose ist ein nat\u00fcrlicher Monosaccharid-Extrakt aus L\u00e4rchenholz. Sie ist eine Reinsubstanz, nat\u00fcrlich und absolut sicher, sogar f\u00fcr Kleinkinder (sie ist ja wirklich eine Art Zucker) und hat dabei einmalige Eigenschaften, die sie bei der Ausrottung der hartn\u00e4ckigen E. coli in Niere, Harnwegen und Blase zur allerersten Wahl machen. D-Mannose ist 100% sicher, ohne Nebenwirkungen, und [&hellip;]<\/p>\n","protected":false},"featured_media":9903,"template":"","meta":{"_acf_changed":false},"product_brand":[],"product_cat":[796],"product_tag":[],"class_list":{"0":"post-9901","1":"product","2":"type-product","3":"status-publish","4":"has-post-thumbnail","6":"product_cat-w","7":"pa_packungsgroesse-50-stueck","9":"first","10":"instock","11":"shipping-taxable","12":"purchasable","13":"product-type-simple"},"acf":[],"_links":{"self":[{"href":"https:\/\/www.ernstbrunn-apotheke.at\/katalog\/wp-json\/wp\/v2\/product\/9901","targetHints":{"allow":["GET"]}}],"collection":[{"href":"https:\/\/www.ernstbrunn-apotheke.at\/katalog\/wp-json\/wp\/v2\/product"}],"about":[{"href":"https:\/\/www.ernstbrunn-apotheke.at\/katalog\/wp-json\/wp\/v2\/types\/product"}],"wp:featuredmedia":[{"embeddable":true,"href":"https:\/\/www.ernstbrunn-apotheke.at\/katalog\/wp-json\/wp\/v2\/media\/9903"}],"wp:attachment":[{"href":"https:\/\/www.ernstbrunn-apotheke.at\/katalog\/wp-json\/wp\/v2\/media?parent=9901"}],"wp:term":[{"taxonomy":"product_brand","embeddable":true,"href":"https:\/\/www.ernstbrunn-apotheke.at\/katalog\/wp-json\/wp\/v2\/product_brand?post=9901"},{"taxonomy":"product_cat","embeddable":true,"href":"https:\/\/www.ernstbrunn-apotheke.at\/katalog\/wp-json\/wp\/v2\/product_cat?post=9901"},{"taxonomy":"product_tag","embeddable":true,"href":"https:\/\/www.ernstbrunn-apotheke.at\/katalog\/wp-json\/wp\/v2\/product_tag?post=9901"}],"curies":[{"name":"wp","href":"https:\/\/api.w.org\/{rel}","templated":true}]}}