{"id":9891,"date":"2025-11-07T14:07:11","date_gmt":"2025-11-07T13:07:11","guid":{"rendered":"https:\/\/www.ernstbrunn-apotheke.at\/katalog\/produkt\/doederlein-preiselbeer-kapseln-60-stk\/"},"modified":"2025-12-08T13:28:32","modified_gmt":"2025-12-08T12:28:32","slug":"doederlein-preiselbeer-kapseln-60-stk","status":"publish","type":"product","link":"https:\/\/www.ernstbrunn-apotheke.at\/katalog\/produkt\/doederlein-preiselbeer-kapseln-60-stk\/","title":{"rendered":"D\u00f6derlein Preiselbeer Kapseln 60 Stk."},"content":{"rendered":"<p>D\u00f6derlein Preiselbeer Kapseln sind ein Nahrungserg\u00e4nzungsmittel mit einem hohen Gehalt an vermehrungsf\u00e4higen probiotischen Keimen, Pr\u00e4biotika, Vitamin K und B-Komplex sowie einem standardisierten Cranberry-Extrakt. Die probiotischen Keime sch\u00fctzen den Darm und die Vaginalflora vor den typischen Folgen einer Infektionsbehandlung mit Antibiotika.<\/p>\n","protected":false},"excerpt":{"rendered":"<p>D\u00f6derlein Preiselbeer Kapseln sind ein Nahrungserg\u00e4nzungsmittel mit einem hohen Gehalt an vermehrungsf\u00e4higen probiotischen Keimen, Pr\u00e4biotika, Vitamin K und B-Komplex sowie einem standardisierten Cranberry-Extrakt. Die probiotischen Keime sch\u00fctzen den Darm und die Vaginalflora vor den typischen Folgen einer Infektionsbehandlung mit Antibiotika.<\/p>\n","protected":false},"featured_media":9893,"template":"","meta":{"_acf_changed":false},"product_brand":[],"product_cat":[792],"product_tag":[],"class_list":{"0":"post-9891","1":"product","2":"type-product","3":"status-publish","4":"has-post-thumbnail","6":"product_cat-d","7":"pa_packungsgroesse-60-stueck","9":"first","10":"instock","11":"shipping-taxable","12":"purchasable","13":"product-type-simple"},"acf":[],"_links":{"self":[{"href":"https:\/\/www.ernstbrunn-apotheke.at\/katalog\/wp-json\/wp\/v2\/product\/9891","targetHints":{"allow":["GET"]}}],"collection":[{"href":"https:\/\/www.ernstbrunn-apotheke.at\/katalog\/wp-json\/wp\/v2\/product"}],"about":[{"href":"https:\/\/www.ernstbrunn-apotheke.at\/katalog\/wp-json\/wp\/v2\/types\/product"}],"wp:featuredmedia":[{"embeddable":true,"href":"https:\/\/www.ernstbrunn-apotheke.at\/katalog\/wp-json\/wp\/v2\/media\/9893"}],"wp:attachment":[{"href":"https:\/\/www.ernstbrunn-apotheke.at\/katalog\/wp-json\/wp\/v2\/media?parent=9891"}],"wp:term":[{"taxonomy":"product_brand","embeddable":true,"href":"https:\/\/www.ernstbrunn-apotheke.at\/katalog\/wp-json\/wp\/v2\/product_brand?post=9891"},{"taxonomy":"product_cat","embeddable":true,"href":"https:\/\/www.ernstbrunn-apotheke.at\/katalog\/wp-json\/wp\/v2\/product_cat?post=9891"},{"taxonomy":"product_tag","embeddable":true,"href":"https:\/\/www.ernstbrunn-apotheke.at\/katalog\/wp-json\/wp\/v2\/product_tag?post=9891"}],"curies":[{"name":"wp","href":"https:\/\/api.w.org\/{rel}","templated":true}]}}