{"id":98859,"date":"2025-11-12T12:00:54","date_gmt":"2025-11-12T11:00:54","guid":{"rendered":"https:\/\/www.ernstbrunn-apotheke.at\/katalog\/produkt\/oekopharm-magnesium-pro-beutel\/"},"modified":"2025-12-08T21:03:49","modified_gmt":"2025-12-08T20:03:49","slug":"oekopharm-magnesium-pro-beutel","status":"publish","type":"product","link":"https:\/\/www.ernstbrunn-apotheke.at\/katalog\/produkt\/oekopharm-magnesium-pro-beutel\/","title":{"rendered":"\u00d6kopharm Magnesium Pro Beutel"},"content":{"rendered":"<p>Der \u00d6kopharm\u00ae  Magnesium Pro Wirkkomplex ist Der durchdacht zusammengesetzte Wirkkomplex in \u00d6kopharm44\u00ae Magnesium PRO schafft den gesunden Ausgleich. Mit den ausgew\u00e4hlten verzweigtkettigen Aminos\u00e4uren BCAA, L-Carnitin und L-Arginin sowie Magnesium und Kalium f\u00fcr aktive Muskeln.Mit hochdosiertem Vitamin C aus der Acerolakirsche f\u00fcr das aktive Immunsystem des Sportlers w\u00e4hrend und nach anstrengender k\u00f6rperlicher Belastung. Die Plantovir\u00ae Formel mit dem wertvollen Extrakt der Zistrose rundet den \u00d6kopharm44\u00ae Wirkkomplex ab<\/p>\n","protected":false},"excerpt":{"rendered":"<p>Der \u00d6kopharm\u00ae Magnesium Pro Wirkkomplex ist Der durchdacht zusammengesetzte Wirkkomplex in \u00d6kopharm44\u00ae Magnesium PRO schafft den gesunden Ausgleich. Mit den ausgew\u00e4hlten verzweigtkettigen Aminos\u00e4uren BCAA, L-Carnitin und L-Arginin sowie Magnesium und Kalium f\u00fcr aktive Muskeln.Mit hochdosiertem Vitamin C aus der Acerolakirsche f\u00fcr das aktive Immunsystem des Sportlers w\u00e4hrend und nach anstrengender k\u00f6rperlicher Belastung. Die Plantovir\u00ae Formel [&hellip;]<\/p>\n","protected":false},"featured_media":98861,"template":"","meta":{"_acf_changed":false},"product_brand":[357],"product_cat":[801],"product_tag":[],"class_list":{"0":"post-98859","1":"product","2":"type-product","3":"status-publish","4":"has-post-thumbnail","6":"product_brand-oekopharm","7":"product_cat-a","8":"pa_packungsgroesse-14-beutel","10":"first","11":"instock","12":"shipping-taxable","13":"purchasable","14":"product-type-simple"},"acf":[],"_links":{"self":[{"href":"https:\/\/www.ernstbrunn-apotheke.at\/katalog\/wp-json\/wp\/v2\/product\/98859","targetHints":{"allow":["GET"]}}],"collection":[{"href":"https:\/\/www.ernstbrunn-apotheke.at\/katalog\/wp-json\/wp\/v2\/product"}],"about":[{"href":"https:\/\/www.ernstbrunn-apotheke.at\/katalog\/wp-json\/wp\/v2\/types\/product"}],"wp:featuredmedia":[{"embeddable":true,"href":"https:\/\/www.ernstbrunn-apotheke.at\/katalog\/wp-json\/wp\/v2\/media\/98861"}],"wp:attachment":[{"href":"https:\/\/www.ernstbrunn-apotheke.at\/katalog\/wp-json\/wp\/v2\/media?parent=98859"}],"wp:term":[{"taxonomy":"product_brand","embeddable":true,"href":"https:\/\/www.ernstbrunn-apotheke.at\/katalog\/wp-json\/wp\/v2\/product_brand?post=98859"},{"taxonomy":"product_cat","embeddable":true,"href":"https:\/\/www.ernstbrunn-apotheke.at\/katalog\/wp-json\/wp\/v2\/product_cat?post=98859"},{"taxonomy":"product_tag","embeddable":true,"href":"https:\/\/www.ernstbrunn-apotheke.at\/katalog\/wp-json\/wp\/v2\/product_tag?post=98859"}],"curies":[{"name":"wp","href":"https:\/\/api.w.org\/{rel}","templated":true}]}}