{"id":98819,"date":"2025-11-12T11:59:26","date_gmt":"2025-11-12T10:59:26","guid":{"rendered":"https:\/\/www.ernstbrunn-apotheke.at\/katalog\/produkt\/dr-boehm-cranberry-complex-tabletten\/"},"modified":"2025-12-08T21:03:40","modified_gmt":"2025-12-08T20:03:40","slug":"dr-boehm-cranberry-complex-tabletten","status":"publish","type":"product","link":"https:\/\/www.ernstbrunn-apotheke.at\/katalog\/produkt\/dr-boehm-cranberry-complex-tabletten\/","title":{"rendered":"Dr. B\u00f6hm Cranberry Complex Tabletten"},"content":{"rendered":"<p>Dr. B\u00f6hm\u00ae Cranberry complex enth\u00e4lt hoch dosierte Extrakte aus Cranberry, Brunnenkresse und Meerrettich. Birkenbl\u00e4tter-Extrakt unterst\u00fctzt das Aussp\u00fclen der Harnwege und leistet damit einen wichtigen Beitrag zur Gesundheit der Blase. Das enthaltene Biotin und Vitamin B2 tragen zur gesunden Blasenschleimhaut bei, Vitamin C und D unterst\u00fctzen das Immunsystem.<\/p>\n","protected":false},"excerpt":{"rendered":"<p>Dr. B\u00f6hm\u00ae Cranberry complex enth\u00e4lt hoch dosierte Extrakte aus Cranberry, Brunnenkresse und Meerrettich. Birkenbl\u00e4tter-Extrakt unterst\u00fctzt das Aussp\u00fclen der Harnwege und leistet damit einen wichtigen Beitrag zur Gesundheit der Blase. Das enthaltene Biotin und Vitamin B2 tragen zur gesunden Blasenschleimhaut bei, Vitamin C und D unterst\u00fctzen das Immunsystem.<\/p>\n","protected":false},"featured_media":98821,"template":"","meta":{"_acf_changed":false},"product_brand":[365],"product_cat":[792],"product_tag":[],"class_list":{"0":"post-98819","1":"product","2":"type-product","3":"status-publish","4":"has-post-thumbnail","6":"product_brand-dr-boehm","7":"product_cat-d","8":"pa_packungsgroesse-30-stueck","10":"first","11":"instock","12":"shipping-taxable","13":"purchasable","14":"product-type-simple"},"acf":[],"_links":{"self":[{"href":"https:\/\/www.ernstbrunn-apotheke.at\/katalog\/wp-json\/wp\/v2\/product\/98819","targetHints":{"allow":["GET"]}}],"collection":[{"href":"https:\/\/www.ernstbrunn-apotheke.at\/katalog\/wp-json\/wp\/v2\/product"}],"about":[{"href":"https:\/\/www.ernstbrunn-apotheke.at\/katalog\/wp-json\/wp\/v2\/types\/product"}],"wp:featuredmedia":[{"embeddable":true,"href":"https:\/\/www.ernstbrunn-apotheke.at\/katalog\/wp-json\/wp\/v2\/media\/98821"}],"wp:attachment":[{"href":"https:\/\/www.ernstbrunn-apotheke.at\/katalog\/wp-json\/wp\/v2\/media?parent=98819"}],"wp:term":[{"taxonomy":"product_brand","embeddable":true,"href":"https:\/\/www.ernstbrunn-apotheke.at\/katalog\/wp-json\/wp\/v2\/product_brand?post=98819"},{"taxonomy":"product_cat","embeddable":true,"href":"https:\/\/www.ernstbrunn-apotheke.at\/katalog\/wp-json\/wp\/v2\/product_cat?post=98819"},{"taxonomy":"product_tag","embeddable":true,"href":"https:\/\/www.ernstbrunn-apotheke.at\/katalog\/wp-json\/wp\/v2\/product_tag?post=98819"}],"curies":[{"name":"wp","href":"https:\/\/api.w.org\/{rel}","templated":true}]}}