{"id":98765,"date":"2025-11-12T11:58:05","date_gmt":"2025-11-12T10:58:05","guid":{"rendered":"https:\/\/www.ernstbrunn-apotheke.at\/katalog\/produkt\/novanight-340mg-tabletten\/"},"modified":"2025-12-08T21:03:27","modified_gmt":"2025-12-08T20:03:27","slug":"novanight-340mg-tabletten","status":"publish","type":"product","link":"https:\/\/www.ernstbrunn-apotheke.at\/katalog\/produkt\/novanight-340mg-tabletten\/","title":{"rendered":"Novanight 340mg Tabletten"},"content":{"rendered":"<p>Novanight\u00ae beinhaltet Melatonin und den pflanzlichen Inhaltsstoffen Zitronenmelisse, Passionsblume und kalifornischer Mohn. Diese Dreifachwirkung mit Melatonin und pflanzlichen Inhaltsstoffen tr\u00e4gt zu einem gesunden und erholsamen Schlaf bei. Melatonin ist ein k\u00f6rpereigenes Hormon und tr\u00e4gt zur Verk\u00fcrzung der Einschlafphase bei. Zitronenmelisse hilft einen gesunden Schlaf aufrecht zu erhalten und durchzuschlafen. Passionsblume und kalifornischer Mohn tragen zur Entspannung bei und unterst\u00fctzen einen erholsamen Schlaf. Jetzt online kaufen!<\/p>\n","protected":false},"excerpt":{"rendered":"<p>Novanight\u00ae beinhaltet Melatonin und den pflanzlichen Inhaltsstoffen Zitronenmelisse, Passionsblume und kalifornischer Mohn. Diese Dreifachwirkung mit Melatonin und pflanzlichen Inhaltsstoffen tr\u00e4gt zu einem gesunden und erholsamen Schlaf bei. Melatonin ist ein k\u00f6rpereigenes Hormon und tr\u00e4gt zur Verk\u00fcrzung der Einschlafphase bei. Zitronenmelisse hilft einen gesunden Schlaf aufrecht zu erhalten und durchzuschlafen. Passionsblume und kalifornischer Mohn tragen zur [&hellip;]<\/p>\n","protected":false},"featured_media":98767,"template":"","meta":{"_acf_changed":false},"product_brand":[],"product_cat":[797],"product_tag":[],"class_list":{"0":"post-98765","1":"product","2":"type-product","3":"status-publish","4":"has-post-thumbnail","6":"product_cat-n","7":"pa_packungsgroesse-20-stueck","9":"first","10":"instock","11":"shipping-taxable","12":"purchasable","13":"product-type-simple"},"acf":[],"_links":{"self":[{"href":"https:\/\/www.ernstbrunn-apotheke.at\/katalog\/wp-json\/wp\/v2\/product\/98765","targetHints":{"allow":["GET"]}}],"collection":[{"href":"https:\/\/www.ernstbrunn-apotheke.at\/katalog\/wp-json\/wp\/v2\/product"}],"about":[{"href":"https:\/\/www.ernstbrunn-apotheke.at\/katalog\/wp-json\/wp\/v2\/types\/product"}],"wp:featuredmedia":[{"embeddable":true,"href":"https:\/\/www.ernstbrunn-apotheke.at\/katalog\/wp-json\/wp\/v2\/media\/98767"}],"wp:attachment":[{"href":"https:\/\/www.ernstbrunn-apotheke.at\/katalog\/wp-json\/wp\/v2\/media?parent=98765"}],"wp:term":[{"taxonomy":"product_brand","embeddable":true,"href":"https:\/\/www.ernstbrunn-apotheke.at\/katalog\/wp-json\/wp\/v2\/product_brand?post=98765"},{"taxonomy":"product_cat","embeddable":true,"href":"https:\/\/www.ernstbrunn-apotheke.at\/katalog\/wp-json\/wp\/v2\/product_cat?post=98765"},{"taxonomy":"product_tag","embeddable":true,"href":"https:\/\/www.ernstbrunn-apotheke.at\/katalog\/wp-json\/wp\/v2\/product_tag?post=98765"}],"curies":[{"name":"wp","href":"https:\/\/api.w.org\/{rel}","templated":true}]}}