{"id":9871,"date":"2025-11-07T14:07:11","date_gmt":"2025-11-07T13:07:11","guid":{"rendered":"https:\/\/www.ernstbrunn-apotheke.at\/katalog\/produkt\/hafesan-cranberry-kapseln-60-stk\/"},"modified":"2025-12-08T13:28:31","modified_gmt":"2025-12-08T12:28:31","slug":"hafesan-cranberry-kapseln-60-stk","status":"publish","type":"product","link":"https:\/\/www.ernstbrunn-apotheke.at\/katalog\/produkt\/hafesan-cranberry-kapseln-60-stk\/","title":{"rendered":"Hafesan Cranberry Kapseln 60 Stk."},"content":{"rendered":"<p>Hafesan\u00ae Cranberry Kapseln bei Problemen mit der Blase und der Harnwege. Die k\u00f6roereigenen Abwehrkr\u00e4fte werden gest\u00e4rkt und gef\u00e4hrliche Bakterien werden unsch\u00e4dlich gemacht.<\/p>\n","protected":false},"excerpt":{"rendered":"<p>Hafesan\u00ae Cranberry Kapseln bei Problemen mit der Blase und der Harnwege. Die k\u00f6roereigenen Abwehrkr\u00e4fte werden gest\u00e4rkt und gef\u00e4hrliche Bakterien werden unsch\u00e4dlich gemacht.<\/p>\n","protected":false},"featured_media":9873,"template":"","meta":{"_acf_changed":false},"product_brand":[376],"product_cat":[805],"product_tag":[],"class_list":{"0":"post-9871","1":"product","2":"type-product","3":"status-publish","4":"has-post-thumbnail","6":"product_brand-hafesan","7":"product_cat-h","8":"pa_packungsgroesse-60-stueck","10":"first","11":"instock","12":"shipping-taxable","13":"purchasable","14":"product-type-simple"},"acf":[],"_links":{"self":[{"href":"https:\/\/www.ernstbrunn-apotheke.at\/katalog\/wp-json\/wp\/v2\/product\/9871","targetHints":{"allow":["GET"]}}],"collection":[{"href":"https:\/\/www.ernstbrunn-apotheke.at\/katalog\/wp-json\/wp\/v2\/product"}],"about":[{"href":"https:\/\/www.ernstbrunn-apotheke.at\/katalog\/wp-json\/wp\/v2\/types\/product"}],"wp:featuredmedia":[{"embeddable":true,"href":"https:\/\/www.ernstbrunn-apotheke.at\/katalog\/wp-json\/wp\/v2\/media\/9873"}],"wp:attachment":[{"href":"https:\/\/www.ernstbrunn-apotheke.at\/katalog\/wp-json\/wp\/v2\/media?parent=9871"}],"wp:term":[{"taxonomy":"product_brand","embeddable":true,"href":"https:\/\/www.ernstbrunn-apotheke.at\/katalog\/wp-json\/wp\/v2\/product_brand?post=9871"},{"taxonomy":"product_cat","embeddable":true,"href":"https:\/\/www.ernstbrunn-apotheke.at\/katalog\/wp-json\/wp\/v2\/product_cat?post=9871"},{"taxonomy":"product_tag","embeddable":true,"href":"https:\/\/www.ernstbrunn-apotheke.at\/katalog\/wp-json\/wp\/v2\/product_tag?post=9871"}],"curies":[{"name":"wp","href":"https:\/\/api.w.org\/{rel}","templated":true}]}}