{"id":9827,"date":"2025-11-07T14:06:23","date_gmt":"2025-11-07T13:06:23","guid":{"rendered":"https:\/\/www.ernstbrunn-apotheke.at\/katalog\/produkt\/prosta-vital-kapseln-30-stk\/"},"modified":"2025-12-08T13:28:26","modified_gmt":"2025-12-08T12:28:26","slug":"prosta-vital-kapseln-30-stk","status":"publish","type":"product","link":"https:\/\/www.ernstbrunn-apotheke.at\/katalog\/produkt\/prosta-vital-kapseln-30-stk\/","title":{"rendered":"Prosta Vital Kapseln 30 Stk."},"content":{"rendered":"<p>PROSTA VITAL\u00ae Kapseln ist ein di\u00e4tetisches Lebensmittel f\u00fcr besondere medizinische Zwecke zur Behandlung f\u00fcr M\u00e4nner mit Prostatakrebs oder sonstigen gut- oder b\u00f6sartigen Beschwerden der Prostata.<\/p>\n","protected":false},"excerpt":{"rendered":"<p>PROSTA VITAL\u00ae Kapseln ist ein di\u00e4tetisches Lebensmittel f\u00fcr besondere medizinische Zwecke zur Behandlung f\u00fcr M\u00e4nner mit Prostatakrebs oder sonstigen gut- oder b\u00f6sartigen Beschwerden der Prostata.<\/p>\n","protected":false},"featured_media":9829,"template":"","meta":{"_acf_changed":false},"product_brand":[],"product_cat":[793],"product_tag":[],"class_list":{"0":"post-9827","1":"product","2":"type-product","3":"status-publish","4":"has-post-thumbnail","6":"product_cat-p","7":"pa_packungsgroesse-30-stueck","9":"first","10":"instock","11":"shipping-taxable","12":"purchasable","13":"product-type-simple"},"acf":[],"_links":{"self":[{"href":"https:\/\/www.ernstbrunn-apotheke.at\/katalog\/wp-json\/wp\/v2\/product\/9827","targetHints":{"allow":["GET"]}}],"collection":[{"href":"https:\/\/www.ernstbrunn-apotheke.at\/katalog\/wp-json\/wp\/v2\/product"}],"about":[{"href":"https:\/\/www.ernstbrunn-apotheke.at\/katalog\/wp-json\/wp\/v2\/types\/product"}],"wp:featuredmedia":[{"embeddable":true,"href":"https:\/\/www.ernstbrunn-apotheke.at\/katalog\/wp-json\/wp\/v2\/media\/9829"}],"wp:attachment":[{"href":"https:\/\/www.ernstbrunn-apotheke.at\/katalog\/wp-json\/wp\/v2\/media?parent=9827"}],"wp:term":[{"taxonomy":"product_brand","embeddable":true,"href":"https:\/\/www.ernstbrunn-apotheke.at\/katalog\/wp-json\/wp\/v2\/product_brand?post=9827"},{"taxonomy":"product_cat","embeddable":true,"href":"https:\/\/www.ernstbrunn-apotheke.at\/katalog\/wp-json\/wp\/v2\/product_cat?post=9827"},{"taxonomy":"product_tag","embeddable":true,"href":"https:\/\/www.ernstbrunn-apotheke.at\/katalog\/wp-json\/wp\/v2\/product_tag?post=9827"}],"curies":[{"name":"wp","href":"https:\/\/api.w.org\/{rel}","templated":true}]}}