{"id":98182,"date":"2025-11-12T11:46:10","date_gmt":"2025-11-12T10:46:10","guid":{"rendered":"https:\/\/www.ernstbrunn-apotheke.at\/katalog\/produkt\/farfalla-gute-nacht-bio-aromaspray\/"},"modified":"2025-12-08T20:57:59","modified_gmt":"2025-12-08T19:57:59","slug":"farfalla-gute-nacht-bio-aromaspray","status":"publish","type":"product","link":"https:\/\/www.ernstbrunn-apotheke.at\/katalog\/produkt\/farfalla-gute-nacht-bio-aromaspray\/","title":{"rendered":"Farfalla Gute Nacht Bio &#8211; Aromaspray"},"content":{"rendered":"<p>Dass Bio logisch ist, wei\u00df der Schweizer Biokosmetik- und Dufthersteller Farfalla schon seit bald 30 Jahren. Am Anfang von Farfalla stand die Vision von vier Jugendfreunden, die ihre Faszination f\u00fcr nat\u00fcrliche Pflanzend\u00fcfte in die t\u00e4gliche Arbeit integrieren und andere Menschen mit deren Kraft begeistern wollten. 1985 er\u00f6ffneten sie in Z\u00fcrich den ersten Duftladen der Schweiz. Seit 2012 ist Farfalla als Unternehmen \u00e4zertifiziert nachhaltig\u201c und tr\u00e4gt das Label CSE.<\/p>\n","protected":false},"excerpt":{"rendered":"<p>Dass Bio logisch ist, wei\u00df der Schweizer Biokosmetik- und Dufthersteller Farfalla schon seit bald 30 Jahren. Am Anfang von Farfalla stand die Vision von vier Jugendfreunden, die ihre Faszination f\u00fcr nat\u00fcrliche Pflanzend\u00fcfte in die t\u00e4gliche Arbeit integrieren und andere Menschen mit deren Kraft begeistern wollten. 1985 er\u00f6ffneten sie in Z\u00fcrich den ersten Duftladen der Schweiz. [&hellip;]<\/p>\n","protected":false},"featured_media":0,"template":"","meta":{"_acf_changed":false},"product_brand":[1356],"product_cat":[809],"product_tag":[],"class_list":{"0":"post-98182","1":"product","2":"type-product","3":"status-publish","5":"product_brand-farfalla","6":"product_cat-f","7":"pa_packungsgroesse-80ml","9":"first","10":"instock","11":"shipping-taxable","12":"purchasable","13":"product-type-simple"},"acf":[],"_links":{"self":[{"href":"https:\/\/www.ernstbrunn-apotheke.at\/katalog\/wp-json\/wp\/v2\/product\/98182","targetHints":{"allow":["GET"]}}],"collection":[{"href":"https:\/\/www.ernstbrunn-apotheke.at\/katalog\/wp-json\/wp\/v2\/product"}],"about":[{"href":"https:\/\/www.ernstbrunn-apotheke.at\/katalog\/wp-json\/wp\/v2\/types\/product"}],"wp:attachment":[{"href":"https:\/\/www.ernstbrunn-apotheke.at\/katalog\/wp-json\/wp\/v2\/media?parent=98182"}],"wp:term":[{"taxonomy":"product_brand","embeddable":true,"href":"https:\/\/www.ernstbrunn-apotheke.at\/katalog\/wp-json\/wp\/v2\/product_brand?post=98182"},{"taxonomy":"product_cat","embeddable":true,"href":"https:\/\/www.ernstbrunn-apotheke.at\/katalog\/wp-json\/wp\/v2\/product_cat?post=98182"},{"taxonomy":"product_tag","embeddable":true,"href":"https:\/\/www.ernstbrunn-apotheke.at\/katalog\/wp-json\/wp\/v2\/product_tag?post=98182"}],"curies":[{"name":"wp","href":"https:\/\/api.w.org\/{rel}","templated":true}]}}