{"id":9813,"date":"2025-11-07T14:05:36","date_gmt":"2025-11-07T13:05:36","guid":{"rendered":"https:\/\/www.ernstbrunn-apotheke.at\/katalog\/produkt\/d-mannose-pulver-90-g\/"},"modified":"2025-12-08T13:28:25","modified_gmt":"2025-12-08T12:28:25","slug":"d-mannose-pulver-90-g","status":"publish","type":"product","link":"https:\/\/www.ernstbrunn-apotheke.at\/katalog\/produkt\/d-mannose-pulver-90-g\/","title":{"rendered":"D-Mannose Pulver 90 g"},"content":{"rendered":"<p>D-Mannose, ein Isomer der D-Glucose (Traubenzucker), geh\u00f6rt zu den Einfachzuckern, wird jedoch kaum im K\u00f6rper verstoffwechselt. Sie kommt in den Zellw\u00e4nden mancher pflanzlichen Fr\u00fcchte und in Braunalgen als Bestandteil der Mannane (Polysaccharide) vor.In Lebensmitteln kommt sie jedoch in deutlich geringeren Mengen als die bekannten Einfachzucker Glucose (Traubenzucker) und Fructose (Fruchtzucker) vor.Viele Menschen leiden unter Harnwegsinfekten, welche h\u00e4ufig von E.coli Bakterien ausgel\u00f6st werden. Die D-Mannose, welche mit dem Urin ausgeschieden wird, bindet die Bakterien an sich und schwemmt diese mit dem Urin aus dem K\u00f6rper. Der Einfachzucker wird somit gerne zur Vorbeugung verwendet.<\/p>\n","protected":false},"excerpt":{"rendered":"<p>D-Mannose, ein Isomer der D-Glucose (Traubenzucker), geh\u00f6rt zu den Einfachzuckern, wird jedoch kaum im K\u00f6rper verstoffwechselt. Sie kommt in den Zellw\u00e4nden mancher pflanzlichen Fr\u00fcchte und in Braunalgen als Bestandteil der Mannane (Polysaccharide) vor.In Lebensmitteln kommt sie jedoch in deutlich geringeren Mengen als die bekannten Einfachzucker Glucose (Traubenzucker) und Fructose (Fruchtzucker) vor.Viele Menschen leiden unter Harnwegsinfekten, [&hellip;]<\/p>\n","protected":false},"featured_media":9815,"template":"","meta":{"_acf_changed":false},"product_brand":[371],"product_cat":[792],"product_tag":[],"class_list":{"0":"post-9813","1":"product","2":"type-product","3":"status-publish","4":"has-post-thumbnail","6":"product_brand-gall-pharma","7":"product_cat-d","8":"pa_packungsgroesse-90g","10":"first","11":"instock","12":"shipping-taxable","13":"purchasable","14":"product-type-simple"},"acf":[],"_links":{"self":[{"href":"https:\/\/www.ernstbrunn-apotheke.at\/katalog\/wp-json\/wp\/v2\/product\/9813","targetHints":{"allow":["GET"]}}],"collection":[{"href":"https:\/\/www.ernstbrunn-apotheke.at\/katalog\/wp-json\/wp\/v2\/product"}],"about":[{"href":"https:\/\/www.ernstbrunn-apotheke.at\/katalog\/wp-json\/wp\/v2\/types\/product"}],"wp:featuredmedia":[{"embeddable":true,"href":"https:\/\/www.ernstbrunn-apotheke.at\/katalog\/wp-json\/wp\/v2\/media\/9815"}],"wp:attachment":[{"href":"https:\/\/www.ernstbrunn-apotheke.at\/katalog\/wp-json\/wp\/v2\/media?parent=9813"}],"wp:term":[{"taxonomy":"product_brand","embeddable":true,"href":"https:\/\/www.ernstbrunn-apotheke.at\/katalog\/wp-json\/wp\/v2\/product_brand?post=9813"},{"taxonomy":"product_cat","embeddable":true,"href":"https:\/\/www.ernstbrunn-apotheke.at\/katalog\/wp-json\/wp\/v2\/product_cat?post=9813"},{"taxonomy":"product_tag","embeddable":true,"href":"https:\/\/www.ernstbrunn-apotheke.at\/katalog\/wp-json\/wp\/v2\/product_tag?post=9813"}],"curies":[{"name":"wp","href":"https:\/\/api.w.org\/{rel}","templated":true}]}}