{"id":98109,"date":"2025-11-12T11:45:01","date_gmt":"2025-11-12T10:45:01","guid":{"rendered":"https:\/\/www.ernstbrunn-apotheke.at\/katalog\/produkt\/farfalla-aetherisches-oel-rose-bulgarienselektion-bio\/"},"modified":"2025-12-08T20:57:42","modified_gmt":"2025-12-08T19:57:42","slug":"farfalla-aetherisches-oel-rose-bulgarienselektion-bio","status":"publish","type":"product","link":"https:\/\/www.ernstbrunn-apotheke.at\/katalog\/produkt\/farfalla-aetherisches-oel-rose-bulgarienselektion-bio\/","title":{"rendered":"Farfalla \u00e4therisches \u00d6l Rose Bulgarienselektion bio"},"content":{"rendered":"<p>Farfalla \u00c4therisches \u00d6l Rose Bulgara pflegt die trockene, empfindliche Haut und wirkt verj\u00fcngend. Die 10-prozentige Verd\u00fcnnung der Rose eignet sich f\u00fcr die Duftlampe pur als Parfum. Nicht zur Einnahme bestimmt!<\/p>\n","protected":false},"excerpt":{"rendered":"<p>Farfalla \u00c4therisches \u00d6l Rose Bulgara pflegt die trockene, empfindliche Haut und wirkt verj\u00fcngend. Die 10-prozentige Verd\u00fcnnung der Rose eignet sich f\u00fcr die Duftlampe pur als Parfum. Nicht zur Einnahme bestimmt!<\/p>\n","protected":false},"featured_media":98111,"template":"","meta":{"_acf_changed":false},"product_brand":[1356],"product_cat":[809],"product_tag":[],"class_list":{"0":"post-98109","1":"product","2":"type-product","3":"status-publish","4":"has-post-thumbnail","6":"product_brand-farfalla","7":"product_cat-f","8":"pa_packungsgroesse-5ml","10":"first","11":"instock","12":"shipping-taxable","13":"purchasable","14":"product-type-simple"},"acf":[],"_links":{"self":[{"href":"https:\/\/www.ernstbrunn-apotheke.at\/katalog\/wp-json\/wp\/v2\/product\/98109","targetHints":{"allow":["GET"]}}],"collection":[{"href":"https:\/\/www.ernstbrunn-apotheke.at\/katalog\/wp-json\/wp\/v2\/product"}],"about":[{"href":"https:\/\/www.ernstbrunn-apotheke.at\/katalog\/wp-json\/wp\/v2\/types\/product"}],"wp:featuredmedia":[{"embeddable":true,"href":"https:\/\/www.ernstbrunn-apotheke.at\/katalog\/wp-json\/wp\/v2\/media\/98111"}],"wp:attachment":[{"href":"https:\/\/www.ernstbrunn-apotheke.at\/katalog\/wp-json\/wp\/v2\/media?parent=98109"}],"wp:term":[{"taxonomy":"product_brand","embeddable":true,"href":"https:\/\/www.ernstbrunn-apotheke.at\/katalog\/wp-json\/wp\/v2\/product_brand?post=98109"},{"taxonomy":"product_cat","embeddable":true,"href":"https:\/\/www.ernstbrunn-apotheke.at\/katalog\/wp-json\/wp\/v2\/product_cat?post=98109"},{"taxonomy":"product_tag","embeddable":true,"href":"https:\/\/www.ernstbrunn-apotheke.at\/katalog\/wp-json\/wp\/v2\/product_tag?post=98109"}],"curies":[{"name":"wp","href":"https:\/\/api.w.org\/{rel}","templated":true}]}}