{"id":98099,"date":"2025-11-12T11:45:01","date_gmt":"2025-11-12T10:45:01","guid":{"rendered":"https:\/\/www.ernstbrunn-apotheke.at\/katalog\/produkt\/farfalla-aetherisches-oel-melisse-10-90-jojobaoel-bio-grand-cru\/"},"modified":"2025-12-08T20:57:38","modified_gmt":"2025-12-08T19:57:38","slug":"farfalla-aetherisches-oel-melisse-10-90-jojobaoel-bio-grand-cru","status":"publish","type":"product","link":"https:\/\/www.ernstbrunn-apotheke.at\/katalog\/produkt\/farfalla-aetherisches-oel-melisse-10-90-jojobaoel-bio-grand-cru\/","title":{"rendered":"Farfalla \u00e4therisches \u00d6l Melisse 10% (90% Jojoba\u00f6l) bio Grand Cru"},"content":{"rendered":"<p>Farfalla \u00c4therisches \u00d6l 10% Melissen hilft bei Gef\u00fchlsschwankungen, Traurigkeit, \u00c4rger, Gedankenkarussellfahrten, Angst und Spannungen. Au\u00dferdem sorgt es f\u00fcr Entspannung, Harmonie und guten Schlaf. Dieses Lebenselixier hat einen frischen, hellen Duft, st\u00e4rkt die Lebensgeister und macht das Herz froh. Das \u00e4therische \u00d6l der Melisse vertreibt dunkle Gedanken. Nicht zur Einnahme bestimmt!.<\/p>\n","protected":false},"excerpt":{"rendered":"<p>Farfalla \u00c4therisches \u00d6l 10% Melissen hilft bei Gef\u00fchlsschwankungen, Traurigkeit, \u00c4rger, Gedankenkarussellfahrten, Angst und Spannungen. Au\u00dferdem sorgt es f\u00fcr Entspannung, Harmonie und guten Schlaf. Dieses Lebenselixier hat einen frischen, hellen Duft, st\u00e4rkt die Lebensgeister und macht das Herz froh. Das \u00e4therische \u00d6l der Melisse vertreibt dunkle Gedanken. Nicht zur Einnahme bestimmt!.<\/p>\n","protected":false},"featured_media":98101,"template":"","meta":{"_acf_changed":false},"product_brand":[],"product_cat":[809],"product_tag":[],"class_list":{"0":"post-98099","1":"product","2":"type-product","3":"status-publish","4":"has-post-thumbnail","6":"product_cat-f","7":"pa_packungsgroesse-5ml","9":"first","10":"instock","11":"shipping-taxable","12":"purchasable","13":"product-type-simple"},"acf":[],"_links":{"self":[{"href":"https:\/\/www.ernstbrunn-apotheke.at\/katalog\/wp-json\/wp\/v2\/product\/98099","targetHints":{"allow":["GET"]}}],"collection":[{"href":"https:\/\/www.ernstbrunn-apotheke.at\/katalog\/wp-json\/wp\/v2\/product"}],"about":[{"href":"https:\/\/www.ernstbrunn-apotheke.at\/katalog\/wp-json\/wp\/v2\/types\/product"}],"wp:featuredmedia":[{"embeddable":true,"href":"https:\/\/www.ernstbrunn-apotheke.at\/katalog\/wp-json\/wp\/v2\/media\/98101"}],"wp:attachment":[{"href":"https:\/\/www.ernstbrunn-apotheke.at\/katalog\/wp-json\/wp\/v2\/media?parent=98099"}],"wp:term":[{"taxonomy":"product_brand","embeddable":true,"href":"https:\/\/www.ernstbrunn-apotheke.at\/katalog\/wp-json\/wp\/v2\/product_brand?post=98099"},{"taxonomy":"product_cat","embeddable":true,"href":"https:\/\/www.ernstbrunn-apotheke.at\/katalog\/wp-json\/wp\/v2\/product_cat?post=98099"},{"taxonomy":"product_tag","embeddable":true,"href":"https:\/\/www.ernstbrunn-apotheke.at\/katalog\/wp-json\/wp\/v2\/product_tag?post=98099"}],"curies":[{"name":"wp","href":"https:\/\/api.w.org\/{rel}","templated":true}]}}