{"id":97995,"date":"2025-11-12T11:42:18","date_gmt":"2025-11-12T10:42:18","guid":{"rendered":"https:\/\/www.ernstbrunn-apotheke.at\/katalog\/produkt\/vichy-normaderm-s-o-s-anti-pickel-sulfur-paste-20-ml\/"},"modified":"2025-12-08T20:57:15","modified_gmt":"2025-12-08T19:57:15","slug":"vichy-normaderm-s-o-s-anti-pickel-sulfur-paste-20-ml","status":"publish","type":"product","link":"https:\/\/www.ernstbrunn-apotheke.at\/katalog\/produkt\/vichy-normaderm-s-o-s-anti-pickel-sulfur-paste-20-ml\/","title":{"rendered":"VICHY Normaderm S.O.S. Anti-Pickel Sulfur Paste 20 ml"},"content":{"rendered":"<p>Eine auf dem Vulkanischen Wasser von Vichy basierende, ultraleichte Textur, die das Verstopfen der Poren verhindert, die leicht auf der Haut gleitet und schnell einzieht und das Hautbild mattiert. 1: BEWIESENE WIRKSAMKEIT:  Mit 2% Salicyls\u00e4ure werden Pickel, erweiterte Poren und Mitesser gezielt korrigiert. Die Formel reguliert den Talg und reduziert die Sichtbarkeit der Poren. 2: SPENDET FEUCHTIGKEIT: Hyaluron spendet Feuchtigkeit f\u00fcr 24 Stunden und bindet diese langanhaltend in der Haut.  Regeneriert die Haut und st\u00e4rkt ihre Schutzfunktion gegen \u00e4u\u00dfere Einfl\u00fcsse. 3: HOHE VERTR\u00c4GLICHKEIT: Die Formel ist pH-hautneutral und somit sanft zur Haut. Gleichzeitig ist sie nicht komedogen und damit optimal f\u00fcr unreine Haut geeignet.<\/p>\n","protected":false},"excerpt":{"rendered":"<p>Eine auf dem Vulkanischen Wasser von Vichy basierende, ultraleichte Textur, die das Verstopfen der Poren verhindert, die leicht auf der Haut gleitet und schnell einzieht und das Hautbild mattiert. 1: BEWIESENE WIRKSAMKEIT: Mit 2% Salicyls\u00e4ure werden Pickel, erweiterte Poren und Mitesser gezielt korrigiert. Die Formel reguliert den Talg und reduziert die Sichtbarkeit der Poren. 2: [&hellip;]<\/p>\n","protected":false},"featured_media":97997,"template":"","meta":{"_acf_changed":false},"product_brand":[675],"product_cat":[799],"product_tag":[],"class_list":{"0":"post-97995","1":"product","2":"type-product","3":"status-publish","4":"has-post-thumbnail","6":"product_brand-vichy","7":"product_cat-v","8":"pa_packungsgroesse-20ml","10":"first","11":"instock","12":"shipping-taxable","13":"purchasable","14":"product-type-simple"},"acf":[],"_links":{"self":[{"href":"https:\/\/www.ernstbrunn-apotheke.at\/katalog\/wp-json\/wp\/v2\/product\/97995","targetHints":{"allow":["GET"]}}],"collection":[{"href":"https:\/\/www.ernstbrunn-apotheke.at\/katalog\/wp-json\/wp\/v2\/product"}],"about":[{"href":"https:\/\/www.ernstbrunn-apotheke.at\/katalog\/wp-json\/wp\/v2\/types\/product"}],"wp:featuredmedia":[{"embeddable":true,"href":"https:\/\/www.ernstbrunn-apotheke.at\/katalog\/wp-json\/wp\/v2\/media\/97997"}],"wp:attachment":[{"href":"https:\/\/www.ernstbrunn-apotheke.at\/katalog\/wp-json\/wp\/v2\/media?parent=97995"}],"wp:term":[{"taxonomy":"product_brand","embeddable":true,"href":"https:\/\/www.ernstbrunn-apotheke.at\/katalog\/wp-json\/wp\/v2\/product_brand?post=97995"},{"taxonomy":"product_cat","embeddable":true,"href":"https:\/\/www.ernstbrunn-apotheke.at\/katalog\/wp-json\/wp\/v2\/product_cat?post=97995"},{"taxonomy":"product_tag","embeddable":true,"href":"https:\/\/www.ernstbrunn-apotheke.at\/katalog\/wp-json\/wp\/v2\/product_tag?post=97995"}],"curies":[{"name":"wp","href":"https:\/\/api.w.org\/{rel}","templated":true}]}}