{"id":97985,"date":"2025-11-12T11:42:18","date_gmt":"2025-11-12T10:42:18","guid":{"rendered":"https:\/\/www.ernstbrunn-apotheke.at\/katalog\/produkt\/vichy-normaderm-phytosolution-mattierendes-pflegespray-100-ml\/"},"modified":"2025-12-08T20:57:12","modified_gmt":"2025-12-08T19:57:12","slug":"vichy-normaderm-phytosolution-mattierendes-pflegespray-100-ml","status":"publish","type":"product","link":"https:\/\/www.ernstbrunn-apotheke.at\/katalog\/produkt\/vichy-normaderm-phytosolution-mattierendes-pflegespray-100-ml\/","title":{"rendered":"VICHY Normaderm Phytosolution mattierendes Pflegespray 100 ml"},"content":{"rendered":"<p>Das Mattierende Pflege-Spray verleiht fettiger Haut sofort einen Anti-Glanz-Effekt und mattiert bis zu 8 Stunden. Das erfrischende Gesichtsspray ist jederzeit anwendbar, \u00fcber oder unter dem Make-up. Die mattierende Pflege eignet sich f\u00fcr fettige sowie Mischhaut und reduziert sofort \u00fcbersch\u00fcssigen Talg.Das Mattierende Pflege-Spray wurde dermatologisch getestet und ist auch f\u00fcr empfindliche Haut geeignet.<\/p>\n","protected":false},"excerpt":{"rendered":"<p>Das Mattierende Pflege-Spray verleiht fettiger Haut sofort einen Anti-Glanz-Effekt und mattiert bis zu 8 Stunden. Das erfrischende Gesichtsspray ist jederzeit anwendbar, \u00fcber oder unter dem Make-up. Die mattierende Pflege eignet sich f\u00fcr fettige sowie Mischhaut und reduziert sofort \u00fcbersch\u00fcssigen Talg.Das Mattierende Pflege-Spray wurde dermatologisch getestet und ist auch f\u00fcr empfindliche Haut geeignet.<\/p>\n","protected":false},"featured_media":97987,"template":"","meta":{"_acf_changed":false},"product_brand":[675],"product_cat":[799],"product_tag":[],"class_list":{"0":"post-97985","1":"product","2":"type-product","3":"status-publish","4":"has-post-thumbnail","6":"product_brand-vichy","7":"product_cat-v","8":"pa_packungsgroesse-100ml","10":"first","11":"instock","12":"shipping-taxable","13":"purchasable","14":"product-type-simple"},"acf":[],"_links":{"self":[{"href":"https:\/\/www.ernstbrunn-apotheke.at\/katalog\/wp-json\/wp\/v2\/product\/97985","targetHints":{"allow":["GET"]}}],"collection":[{"href":"https:\/\/www.ernstbrunn-apotheke.at\/katalog\/wp-json\/wp\/v2\/product"}],"about":[{"href":"https:\/\/www.ernstbrunn-apotheke.at\/katalog\/wp-json\/wp\/v2\/types\/product"}],"wp:featuredmedia":[{"embeddable":true,"href":"https:\/\/www.ernstbrunn-apotheke.at\/katalog\/wp-json\/wp\/v2\/media\/97987"}],"wp:attachment":[{"href":"https:\/\/www.ernstbrunn-apotheke.at\/katalog\/wp-json\/wp\/v2\/media?parent=97985"}],"wp:term":[{"taxonomy":"product_brand","embeddable":true,"href":"https:\/\/www.ernstbrunn-apotheke.at\/katalog\/wp-json\/wp\/v2\/product_brand?post=97985"},{"taxonomy":"product_cat","embeddable":true,"href":"https:\/\/www.ernstbrunn-apotheke.at\/katalog\/wp-json\/wp\/v2\/product_cat?post=97985"},{"taxonomy":"product_tag","embeddable":true,"href":"https:\/\/www.ernstbrunn-apotheke.at\/katalog\/wp-json\/wp\/v2\/product_tag?post=97985"}],"curies":[{"name":"wp","href":"https:\/\/api.w.org\/{rel}","templated":true}]}}