{"id":97912,"date":"2025-11-12T11:40:54","date_gmt":"2025-11-12T10:40:54","guid":{"rendered":"https:\/\/www.ernstbrunn-apotheke.at\/katalog\/produkt\/novalac-prenatal-kapseln\/"},"modified":"2025-12-08T20:56:48","modified_gmt":"2025-12-08T19:56:48","slug":"novalac-prenatal-kapseln","status":"publish","type":"product","link":"https:\/\/www.ernstbrunn-apotheke.at\/katalog\/produkt\/novalac-prenatal-kapseln\/","title":{"rendered":"Novalac Prenatal Kapseln"},"content":{"rendered":"<p>Novalac Prenatal Kapseln ist ein Nahrungserg\u00e4nzungsmittel mit den essentiellen Nahrungsbestandteilen, die eine Frau bevor undw\u00e4hrend der Schwangerschaft und der Stillperiode ben\u00f6tigt.Novalac Prenatal Kapseln enthalten eine innovative, aktivierte Form von Fols\u00e4ure &#038;bdquo Quatrefolic&#038;ldquo , Eisen und DHA in einer Kapsel.<\/p>\n","protected":false},"excerpt":{"rendered":"<p>Novalac Prenatal Kapseln ist ein Nahrungserg\u00e4nzungsmittel mit den essentiellen Nahrungsbestandteilen, die eine Frau bevor undw\u00e4hrend der Schwangerschaft und der Stillperiode ben\u00f6tigt.Novalac Prenatal Kapseln enthalten eine innovative, aktivierte Form von Fols\u00e4ure &#038;bdquo Quatrefolic&#038;ldquo , Eisen und DHA in einer Kapsel.<\/p>\n","protected":false},"featured_media":97914,"template":"","meta":{"_acf_changed":false},"product_brand":[1011],"product_cat":[797],"product_tag":[],"class_list":{"0":"post-97912","1":"product","2":"type-product","3":"status-publish","4":"has-post-thumbnail","6":"product_brand-novalac","7":"product_cat-n","8":"pa_packungsgroesse-30-stueck","10":"first","11":"instock","12":"shipping-taxable","13":"purchasable","14":"product-type-simple"},"acf":[],"_links":{"self":[{"href":"https:\/\/www.ernstbrunn-apotheke.at\/katalog\/wp-json\/wp\/v2\/product\/97912","targetHints":{"allow":["GET"]}}],"collection":[{"href":"https:\/\/www.ernstbrunn-apotheke.at\/katalog\/wp-json\/wp\/v2\/product"}],"about":[{"href":"https:\/\/www.ernstbrunn-apotheke.at\/katalog\/wp-json\/wp\/v2\/types\/product"}],"wp:featuredmedia":[{"embeddable":true,"href":"https:\/\/www.ernstbrunn-apotheke.at\/katalog\/wp-json\/wp\/v2\/media\/97914"}],"wp:attachment":[{"href":"https:\/\/www.ernstbrunn-apotheke.at\/katalog\/wp-json\/wp\/v2\/media?parent=97912"}],"wp:term":[{"taxonomy":"product_brand","embeddable":true,"href":"https:\/\/www.ernstbrunn-apotheke.at\/katalog\/wp-json\/wp\/v2\/product_brand?post=97912"},{"taxonomy":"product_cat","embeddable":true,"href":"https:\/\/www.ernstbrunn-apotheke.at\/katalog\/wp-json\/wp\/v2\/product_cat?post=97912"},{"taxonomy":"product_tag","embeddable":true,"href":"https:\/\/www.ernstbrunn-apotheke.at\/katalog\/wp-json\/wp\/v2\/product_tag?post=97912"}],"curies":[{"name":"wp","href":"https:\/\/api.w.org\/{rel}","templated":true}]}}