{"id":97894,"date":"2025-11-12T11:40:30","date_gmt":"2025-11-12T10:40:30","guid":{"rendered":"https:\/\/www.ernstbrunn-apotheke.at\/katalog\/produkt\/multiflora-darmmanager-2-g-2\/"},"modified":"2025-12-08T20:56:41","modified_gmt":"2025-12-08T19:56:41","slug":"multiflora-darmmanager-2-g-2","status":"publish","type":"product","link":"https:\/\/www.ernstbrunn-apotheke.at\/katalog\/produkt\/multiflora-darmmanager-2-g-2\/","title":{"rendered":"MULTIflora Darmmanager 2 g"},"content":{"rendered":"<p>Multiflora Darmanager &#8211; 80% unseres Immunsystems sitzen im Darm! Ungesunde Essgewohnheiten, starke Belastungen wie Stress, Infektionen oder Arzneimittel k\u00f6nnen die sensible Darmflora st\u00f6ren. Ein Ungleichgewicht im Darm (Dysbiose) kann entstehen. Multiflora Darmmanager liefert der Darmflora eine ideal abgestimmte Mischung aus 7 nat\u00fcrlichen, vermehrungsf\u00e4higen Darmbakterienst\u00e4mmen. Zus\u00e4tzlichenth\u00e4lt das Probiotikum Vitamin B8 (Biotin) als Beitrag zur Erhaltungnormaler Schleimh\u00e4ute. Multiflora Darmmanager als Basis-Versorgung f\u00fcr die Darmflora.<\/p>\n","protected":false},"excerpt":{"rendered":"<p>Multiflora Darmanager &#8211; 80% unseres Immunsystems sitzen im Darm! Ungesunde Essgewohnheiten, starke Belastungen wie Stress, Infektionen oder Arzneimittel k\u00f6nnen die sensible Darmflora st\u00f6ren. Ein Ungleichgewicht im Darm (Dysbiose) kann entstehen. Multiflora Darmmanager liefert der Darmflora eine ideal abgestimmte Mischung aus 7 nat\u00fcrlichen, vermehrungsf\u00e4higen Darmbakterienst\u00e4mmen. Zus\u00e4tzlichenth\u00e4lt das Probiotikum Vitamin B8 (Biotin) als Beitrag zur Erhaltungnormaler Schleimh\u00e4ute. [&hellip;]<\/p>\n","protected":false},"featured_media":97896,"template":"","meta":{"_acf_changed":false},"product_brand":[841],"product_cat":[800],"product_tag":[],"class_list":{"0":"post-97894","1":"product","2":"type-product","3":"status-publish","4":"has-post-thumbnail","6":"product_brand-multiflora","7":"product_cat-m","8":"pa_packungsgroesse-14-beutel","10":"first","11":"instock","12":"shipping-taxable","13":"purchasable","14":"product-type-simple"},"acf":[],"_links":{"self":[{"href":"https:\/\/www.ernstbrunn-apotheke.at\/katalog\/wp-json\/wp\/v2\/product\/97894","targetHints":{"allow":["GET"]}}],"collection":[{"href":"https:\/\/www.ernstbrunn-apotheke.at\/katalog\/wp-json\/wp\/v2\/product"}],"about":[{"href":"https:\/\/www.ernstbrunn-apotheke.at\/katalog\/wp-json\/wp\/v2\/types\/product"}],"wp:featuredmedia":[{"embeddable":true,"href":"https:\/\/www.ernstbrunn-apotheke.at\/katalog\/wp-json\/wp\/v2\/media\/97896"}],"wp:attachment":[{"href":"https:\/\/www.ernstbrunn-apotheke.at\/katalog\/wp-json\/wp\/v2\/media?parent=97894"}],"wp:term":[{"taxonomy":"product_brand","embeddable":true,"href":"https:\/\/www.ernstbrunn-apotheke.at\/katalog\/wp-json\/wp\/v2\/product_brand?post=97894"},{"taxonomy":"product_cat","embeddable":true,"href":"https:\/\/www.ernstbrunn-apotheke.at\/katalog\/wp-json\/wp\/v2\/product_cat?post=97894"},{"taxonomy":"product_tag","embeddable":true,"href":"https:\/\/www.ernstbrunn-apotheke.at\/katalog\/wp-json\/wp\/v2\/product_tag?post=97894"}],"curies":[{"name":"wp","href":"https:\/\/api.w.org\/{rel}","templated":true}]}}