{"id":97844,"date":"2025-11-12T11:39:28","date_gmt":"2025-11-12T10:39:28","guid":{"rendered":"https:\/\/www.ernstbrunn-apotheke.at\/katalog\/produkt\/manuka-wundheilhonig-30-g\/"},"modified":"2025-12-08T20:56:16","modified_gmt":"2025-12-08T19:56:16","slug":"manuka-wundheilhonig-30-g","status":"publish","type":"product","link":"https:\/\/www.ernstbrunn-apotheke.at\/katalog\/produkt\/manuka-wundheilhonig-30-g\/","title":{"rendered":"Manuka Wundheilhonig 30 g"},"content":{"rendered":"<p>Sterilisierter Manuka Honig. Speziell f\u00fcr die Anwendung auf gesch\u00e4digter Haut und offenen Wunden. Hinweise auf der Verpackung beachten. Nur laut Anweisung verwenden. Nicht verwenden bei bekannter Allergie gegen Honig oder Bienenprodukte. Manuka Wundheilhonig besteht zu 100 % aus Manuka Honig medizinischer Qualit\u00e4t. Zur sicheren Anwendung auf gesch\u00e4digtern Haut und offenen Wunden wird er sterilisiert. Er l\u00e4sst sich leicht und gleichm\u00e4\u00dfig auftragen.Manuka Wundheilhonig besitzt stark antibakterielle, zellerneuernde Eigenschaften und f\u00f6rdert so die Wundheilung. Narbenbildung wird vorgebeugt. Gleichzeitig ist er sanft zur Haut.<\/p>\n","protected":false},"excerpt":{"rendered":"<p>Sterilisierter Manuka Honig. Speziell f\u00fcr die Anwendung auf gesch\u00e4digter Haut und offenen Wunden. Hinweise auf der Verpackung beachten. Nur laut Anweisung verwenden. Nicht verwenden bei bekannter Allergie gegen Honig oder Bienenprodukte. Manuka Wundheilhonig besteht zu 100 % aus Manuka Honig medizinischer Qualit\u00e4t. Zur sicheren Anwendung auf gesch\u00e4digtern Haut und offenen Wunden wird er sterilisiert. Er [&hellip;]<\/p>\n","protected":false},"featured_media":97846,"template":"","meta":{"_acf_changed":false},"product_brand":[],"product_cat":[800],"product_tag":[],"class_list":{"0":"post-97844","1":"product","2":"type-product","3":"status-publish","4":"has-post-thumbnail","6":"product_cat-m","7":"pa_packungsgroesse-30g","9":"first","10":"instock","11":"shipping-taxable","12":"purchasable","13":"product-type-simple"},"acf":[],"_links":{"self":[{"href":"https:\/\/www.ernstbrunn-apotheke.at\/katalog\/wp-json\/wp\/v2\/product\/97844","targetHints":{"allow":["GET"]}}],"collection":[{"href":"https:\/\/www.ernstbrunn-apotheke.at\/katalog\/wp-json\/wp\/v2\/product"}],"about":[{"href":"https:\/\/www.ernstbrunn-apotheke.at\/katalog\/wp-json\/wp\/v2\/types\/product"}],"wp:featuredmedia":[{"embeddable":true,"href":"https:\/\/www.ernstbrunn-apotheke.at\/katalog\/wp-json\/wp\/v2\/media\/97846"}],"wp:attachment":[{"href":"https:\/\/www.ernstbrunn-apotheke.at\/katalog\/wp-json\/wp\/v2\/media?parent=97844"}],"wp:term":[{"taxonomy":"product_brand","embeddable":true,"href":"https:\/\/www.ernstbrunn-apotheke.at\/katalog\/wp-json\/wp\/v2\/product_brand?post=97844"},{"taxonomy":"product_cat","embeddable":true,"href":"https:\/\/www.ernstbrunn-apotheke.at\/katalog\/wp-json\/wp\/v2\/product_cat?post=97844"},{"taxonomy":"product_tag","embeddable":true,"href":"https:\/\/www.ernstbrunn-apotheke.at\/katalog\/wp-json\/wp\/v2\/product_tag?post=97844"}],"curies":[{"name":"wp","href":"https:\/\/api.w.org\/{rel}","templated":true}]}}