{"id":9773,"date":"2025-11-07T14:04:43","date_gmt":"2025-11-07T13:04:43","guid":{"rendered":"https:\/\/www.ernstbrunn-apotheke.at\/katalog\/produkt\/dr-boehm-cranberry-akut-brausegranulat-10-stk\/"},"modified":"2025-12-08T13:28:21","modified_gmt":"2025-12-08T12:28:21","slug":"dr-boehm-cranberry-akut-brausegranulat-10-stk","status":"publish","type":"product","link":"https:\/\/www.ernstbrunn-apotheke.at\/katalog\/produkt\/dr-boehm-cranberry-akut-brausegranulat-10-stk\/","title":{"rendered":"Dr. B\u00f6hm Cranberry akut Brausegranulat 10 Stk."},"content":{"rendered":"<p>Dr. B\u00f6hm Cranberry akut Brausegranulat dient der akuten Behandlung bei Blasen- und Harnwegsinfekten. Dr. B\u00f6hm Cranberry akut kombiniert pflanzliche Inhaltsstoffe f\u00fcr Harnwege, Blase, Schleimh\u00e4ute und Immunsystem.<\/p>\n","protected":false},"excerpt":{"rendered":"<p>Dr. B\u00f6hm Cranberry akut Brausegranulat dient der akuten Behandlung bei Blasen- und Harnwegsinfekten. Dr. B\u00f6hm Cranberry akut kombiniert pflanzliche Inhaltsstoffe f\u00fcr Harnwege, Blase, Schleimh\u00e4ute und Immunsystem.<\/p>\n","protected":false},"featured_media":9775,"template":"","meta":{"_acf_changed":false},"product_brand":[365],"product_cat":[792],"product_tag":[],"class_list":{"0":"post-9773","1":"product","2":"type-product","3":"status-publish","4":"has-post-thumbnail","6":"product_brand-dr-boehm","7":"product_cat-d","8":"pa_packungsgroesse-10-beutel","10":"first","11":"instock","12":"shipping-taxable","13":"purchasable","14":"product-type-simple"},"acf":[],"_links":{"self":[{"href":"https:\/\/www.ernstbrunn-apotheke.at\/katalog\/wp-json\/wp\/v2\/product\/9773","targetHints":{"allow":["GET"]}}],"collection":[{"href":"https:\/\/www.ernstbrunn-apotheke.at\/katalog\/wp-json\/wp\/v2\/product"}],"about":[{"href":"https:\/\/www.ernstbrunn-apotheke.at\/katalog\/wp-json\/wp\/v2\/types\/product"}],"wp:featuredmedia":[{"embeddable":true,"href":"https:\/\/www.ernstbrunn-apotheke.at\/katalog\/wp-json\/wp\/v2\/media\/9775"}],"wp:attachment":[{"href":"https:\/\/www.ernstbrunn-apotheke.at\/katalog\/wp-json\/wp\/v2\/media?parent=9773"}],"wp:term":[{"taxonomy":"product_brand","embeddable":true,"href":"https:\/\/www.ernstbrunn-apotheke.at\/katalog\/wp-json\/wp\/v2\/product_brand?post=9773"},{"taxonomy":"product_cat","embeddable":true,"href":"https:\/\/www.ernstbrunn-apotheke.at\/katalog\/wp-json\/wp\/v2\/product_cat?post=9773"},{"taxonomy":"product_tag","embeddable":true,"href":"https:\/\/www.ernstbrunn-apotheke.at\/katalog\/wp-json\/wp\/v2\/product_tag?post=9773"}],"curies":[{"name":"wp","href":"https:\/\/api.w.org\/{rel}","templated":true}]}}