{"id":97666,"date":"2025-11-12T11:36:09","date_gmt":"2025-11-12T10:36:09","guid":{"rendered":"https:\/\/www.ernstbrunn-apotheke.at\/katalog\/produkt\/burgit-fersensporen-druckschutz-2-stk\/"},"modified":"2025-12-08T20:54:40","modified_gmt":"2025-12-08T19:54:40","slug":"burgit-fersensporen-druckschutz-2-stk","status":"publish","type":"product","link":"https:\/\/www.ernstbrunn-apotheke.at\/katalog\/produkt\/burgit-fersensporen-druckschutz-2-stk\/","title":{"rendered":"Burgit Fersensporen Druckschutz 2 Stk."},"content":{"rendered":"<p>Burgit Fersensporen Druckschutz sorgt f\u00fcr eine sofortige Schmerzlinderung, wirkt sto\u00dfd\u00e4mpfend und passt sich ideal an die Ferse an.<\/p>\n","protected":false},"excerpt":{"rendered":"<p>Burgit Fersensporen Druckschutz sorgt f\u00fcr eine sofortige Schmerzlinderung, wirkt sto\u00dfd\u00e4mpfend und passt sich ideal an die Ferse an.<\/p>\n","protected":false},"featured_media":97668,"template":"","meta":{"_acf_changed":false},"product_brand":[739],"product_cat":[802],"product_tag":[],"class_list":{"0":"post-97666","1":"product","2":"type-product","3":"status-publish","4":"has-post-thumbnail","6":"product_brand-burgit","7":"product_cat-b","8":"pa_packungsgroesse-2-stueck","10":"first","11":"instock","12":"shipping-taxable","13":"purchasable","14":"product-type-simple"},"acf":[],"_links":{"self":[{"href":"https:\/\/www.ernstbrunn-apotheke.at\/katalog\/wp-json\/wp\/v2\/product\/97666","targetHints":{"allow":["GET"]}}],"collection":[{"href":"https:\/\/www.ernstbrunn-apotheke.at\/katalog\/wp-json\/wp\/v2\/product"}],"about":[{"href":"https:\/\/www.ernstbrunn-apotheke.at\/katalog\/wp-json\/wp\/v2\/types\/product"}],"wp:featuredmedia":[{"embeddable":true,"href":"https:\/\/www.ernstbrunn-apotheke.at\/katalog\/wp-json\/wp\/v2\/media\/97668"}],"wp:attachment":[{"href":"https:\/\/www.ernstbrunn-apotheke.at\/katalog\/wp-json\/wp\/v2\/media?parent=97666"}],"wp:term":[{"taxonomy":"product_brand","embeddable":true,"href":"https:\/\/www.ernstbrunn-apotheke.at\/katalog\/wp-json\/wp\/v2\/product_brand?post=97666"},{"taxonomy":"product_cat","embeddable":true,"href":"https:\/\/www.ernstbrunn-apotheke.at\/katalog\/wp-json\/wp\/v2\/product_cat?post=97666"},{"taxonomy":"product_tag","embeddable":true,"href":"https:\/\/www.ernstbrunn-apotheke.at\/katalog\/wp-json\/wp\/v2\/product_tag?post=97666"}],"curies":[{"name":"wp","href":"https:\/\/api.w.org\/{rel}","templated":true}]}}