{"id":97649,"date":"2025-11-12T11:35:19","date_gmt":"2025-11-12T10:35:19","guid":{"rendered":"https:\/\/www.ernstbrunn-apotheke.at\/katalog\/produkt\/pyralvex-pur-loesung-10-ml\/"},"modified":"2025-12-08T20:54:36","modified_gmt":"2025-12-08T19:54:36","slug":"pyralvex-pur-loesung-10-ml","status":"publish","type":"product","link":"https:\/\/www.ernstbrunn-apotheke.at\/katalog\/produkt\/pyralvex-pur-loesung-10-ml\/","title":{"rendered":"Pyralvex pur &#8211; L\u00f6sung 10 ml"},"content":{"rendered":"<p>Pyralvex L\u00f6sung wirkt entz\u00fcndungshemmend und antibakteriell bei allen entz\u00fcndlichen Erkrankungen im Bereich der Mund- und Rachenschleimhaut. Innerhalb kurzer Zeit ist eine Abschwellung der Schleimh\u00e4ute und ein deutliches Nachlassen der Sekretion festzustellen. Die Behandlung hat einen g\u00fcnstigen Einfluss auf die Schmerzen im Bereich der entz\u00fcndeten Schleimhaut.<\/p>\n","protected":false},"excerpt":{"rendered":"<p>Pyralvex L\u00f6sung wirkt entz\u00fcndungshemmend und antibakteriell bei allen entz\u00fcndlichen Erkrankungen im Bereich der Mund- und Rachenschleimhaut. Innerhalb kurzer Zeit ist eine Abschwellung der Schleimh\u00e4ute und ein deutliches Nachlassen der Sekretion festzustellen. Die Behandlung hat einen g\u00fcnstigen Einfluss auf die Schmerzen im Bereich der entz\u00fcndeten Schleimhaut.<\/p>\n","protected":false},"featured_media":97651,"template":"","meta":{"_acf_changed":false},"product_brand":[],"product_cat":[793],"product_tag":[],"class_list":{"0":"post-97649","1":"product","2":"type-product","3":"status-publish","4":"has-post-thumbnail","6":"product_cat-p","7":"pa_packungsgroesse-10ml","9":"first","10":"instock","11":"shipping-taxable","12":"purchasable","13":"product-type-simple"},"acf":[],"_links":{"self":[{"href":"https:\/\/www.ernstbrunn-apotheke.at\/katalog\/wp-json\/wp\/v2\/product\/97649","targetHints":{"allow":["GET"]}}],"collection":[{"href":"https:\/\/www.ernstbrunn-apotheke.at\/katalog\/wp-json\/wp\/v2\/product"}],"about":[{"href":"https:\/\/www.ernstbrunn-apotheke.at\/katalog\/wp-json\/wp\/v2\/types\/product"}],"wp:featuredmedia":[{"embeddable":true,"href":"https:\/\/www.ernstbrunn-apotheke.at\/katalog\/wp-json\/wp\/v2\/media\/97651"}],"wp:attachment":[{"href":"https:\/\/www.ernstbrunn-apotheke.at\/katalog\/wp-json\/wp\/v2\/media?parent=97649"}],"wp:term":[{"taxonomy":"product_brand","embeddable":true,"href":"https:\/\/www.ernstbrunn-apotheke.at\/katalog\/wp-json\/wp\/v2\/product_brand?post=97649"},{"taxonomy":"product_cat","embeddable":true,"href":"https:\/\/www.ernstbrunn-apotheke.at\/katalog\/wp-json\/wp\/v2\/product_cat?post=97649"},{"taxonomy":"product_tag","embeddable":true,"href":"https:\/\/www.ernstbrunn-apotheke.at\/katalog\/wp-json\/wp\/v2\/product_tag?post=97649"}],"curies":[{"name":"wp","href":"https:\/\/api.w.org\/{rel}","templated":true}]}}