{"id":97563,"date":"2025-11-12T11:32:50","date_gmt":"2025-11-12T10:32:50","guid":{"rendered":"https:\/\/www.ernstbrunn-apotheke.at\/katalog\/produkt\/linola-dusch-und-wasch-500-ml\/"},"modified":"2025-12-08T20:54:16","modified_gmt":"2025-12-08T19:54:16","slug":"linola-dusch-und-wasch-500-ml","status":"publish","type":"product","link":"https:\/\/www.ernstbrunn-apotheke.at\/katalog\/produkt\/linola-dusch-und-wasch-500-ml\/","title":{"rendered":"Linola Dusch und Wasch 500 ml"},"content":{"rendered":"<p><strong>Linola Dusch und Wasch &#8211; Pflegendes Gel mit 24h Wirkung \u2013 f\u00fcr trockene oder zu Neurodermitis neigende Haut<\/strong><\/p>\n<p>&#13;<\/p>\n<p>Linola Dusch und Wasch ist abgestimmt auf die besonderen Pflege-Bed\u00fcrfnisse trockener oder zu Neurodermitis neigender Haut. Das glasklare Mikroemulsions-Gel reinigt besonders mild und hautschonend.<\/p>\n<p>&#13;<\/p>\n<p><strong>Produkt auf einen Blick:<\/strong><\/p>\n<p>&#13;<\/p>\n<ul>&#13;<\/p>\n<li>Das glasklare Mikroemulsionsgel reinigt besonders mild und hautschonend<\/li>\n<p>&#13;<\/p>\n<li>F\u00fcr die t\u00e4gliche Anwendung auf K\u00f6rper und Gesicht geeignet<\/li>\n<p>&#13;<\/p>\n<li>Spendet Feuchtigkeit \u00fcber 24 Stunden<\/li>\n<p>&#13;<\/p>\n<li>Brennt nicht in den Augen<\/li>\n<p>&#13;<\/p>\n<li>Enth\u00e4lt wertvolle Linols\u00e4ure<\/li>\n<p>&#13;<\/p>\n<li>Hautfreundlicher pH-Wert 5,5<\/li>\n<p>&#13;<\/p>\n<li>Frei von Mineralfetten und Parabenen<\/li>\n<p>&#13;<\/p>\n<li>Ohne Mikroplastik<\/li>\n<p>&#13;\n<\/ul>\n","protected":false},"excerpt":{"rendered":"<p>Linola Dusch und Wasch &#8211; Pflegendes Gel mit 24h Wirkung \u2013 f\u00fcr trockene oder zu Neurodermitis neigende Haut &#13; Linola Dusch und Wasch ist abgestimmt auf die besonderen Pflege-Bed\u00fcrfnisse trockener oder zu Neurodermitis neigender Haut. Das glasklare Mikroemulsions-Gel reinigt besonders mild und hautschonend. &#13; Produkt auf einen Blick: &#13; &#13; Das glasklare Mikroemulsionsgel reinigt besonders [&hellip;]<\/p>\n","protected":false},"featured_media":97565,"template":"","meta":{"_acf_changed":false},"product_brand":[686],"product_cat":[795],"product_tag":[],"class_list":{"0":"post-97563","1":"product","2":"type-product","3":"status-publish","4":"has-post-thumbnail","6":"product_brand-linola","7":"product_cat-l","8":"pa_packungsgroesse-500ml","10":"first","11":"instock","12":"shipping-taxable","13":"purchasable","14":"product-type-simple"},"acf":[],"_links":{"self":[{"href":"https:\/\/www.ernstbrunn-apotheke.at\/katalog\/wp-json\/wp\/v2\/product\/97563","targetHints":{"allow":["GET"]}}],"collection":[{"href":"https:\/\/www.ernstbrunn-apotheke.at\/katalog\/wp-json\/wp\/v2\/product"}],"about":[{"href":"https:\/\/www.ernstbrunn-apotheke.at\/katalog\/wp-json\/wp\/v2\/types\/product"}],"wp:featuredmedia":[{"embeddable":true,"href":"https:\/\/www.ernstbrunn-apotheke.at\/katalog\/wp-json\/wp\/v2\/media\/97565"}],"wp:attachment":[{"href":"https:\/\/www.ernstbrunn-apotheke.at\/katalog\/wp-json\/wp\/v2\/media?parent=97563"}],"wp:term":[{"taxonomy":"product_brand","embeddable":true,"href":"https:\/\/www.ernstbrunn-apotheke.at\/katalog\/wp-json\/wp\/v2\/product_brand?post=97563"},{"taxonomy":"product_cat","embeddable":true,"href":"https:\/\/www.ernstbrunn-apotheke.at\/katalog\/wp-json\/wp\/v2\/product_cat?post=97563"},{"taxonomy":"product_tag","embeddable":true,"href":"https:\/\/www.ernstbrunn-apotheke.at\/katalog\/wp-json\/wp\/v2\/product_tag?post=97563"}],"curies":[{"name":"wp","href":"https:\/\/api.w.org\/{rel}","templated":true}]}}