{"id":97529,"date":"2025-11-12T11:32:30","date_gmt":"2025-11-12T10:32:30","guid":{"rendered":"https:\/\/www.ernstbrunn-apotheke.at\/katalog\/produkt\/nuxe-very-rose-cleansing-milk-200-ml\/"},"modified":"2025-12-08T20:54:04","modified_gmt":"2025-12-08T19:54:04","slug":"nuxe-very-rose-cleansing-milk-200-ml","status":"publish","type":"product","link":"https:\/\/www.ernstbrunn-apotheke.at\/katalog\/produkt\/nuxe-very-rose-cleansing-milk-200-ml\/","title":{"rendered":"Nuxe Very Rose cleansing Milk 200 ml"},"content":{"rendered":"<p>Very Rose cleansing milk entfernt Make-up, feuchtigkeitsspendend und sorgt f\u00fcr zarte Haut im Gesicht und um die Augenpartie. F\u00fcr alle Hauttypen geeignet.95 % der Wirkstoffe sind nat\u00fcrlichen Ursprungs.Diese volle Milch mit einem zarten Rosenduft entfernt Make-up perfekt und versorgt die Gesichtshaut sowie die Augenkontur mit Feuchtigkeit,wobei gleichzeitig ihr Gleichgewicht respektiert wird. Ihre ultra sinnliche \u201eMilch-in-\u00d6l\u201c-Textur entfernt Make-up sanft und pflegtohne fettiges Finish. Hautunreinheiten und Make-up werden unmittelbar entfernt. Die Haut wird mit Feuchtigkeit versorgt, ist zart und f\u00fchlt sich angenehm an.<\/p>\n","protected":false},"excerpt":{"rendered":"<p>Very Rose cleansing milk entfernt Make-up, feuchtigkeitsspendend und sorgt f\u00fcr zarte Haut im Gesicht und um die Augenpartie. F\u00fcr alle Hauttypen geeignet.95 % der Wirkstoffe sind nat\u00fcrlichen Ursprungs.Diese volle Milch mit einem zarten Rosenduft entfernt Make-up perfekt und versorgt die Gesichtshaut sowie die Augenkontur mit Feuchtigkeit,wobei gleichzeitig ihr Gleichgewicht respektiert wird. Ihre ultra sinnliche \u201eMilch-in-\u00d6l\u201c-Textur [&hellip;]<\/p>\n","protected":false},"featured_media":97531,"template":"","meta":{"_acf_changed":false},"product_brand":[705],"product_cat":[797],"product_tag":[],"class_list":{"0":"post-97529","1":"product","2":"type-product","3":"status-publish","4":"has-post-thumbnail","6":"product_brand-nuxe","7":"product_cat-n","8":"pa_packungsgroesse-200ml","10":"first","11":"instock","12":"shipping-taxable","13":"purchasable","14":"product-type-simple"},"acf":[],"_links":{"self":[{"href":"https:\/\/www.ernstbrunn-apotheke.at\/katalog\/wp-json\/wp\/v2\/product\/97529","targetHints":{"allow":["GET"]}}],"collection":[{"href":"https:\/\/www.ernstbrunn-apotheke.at\/katalog\/wp-json\/wp\/v2\/product"}],"about":[{"href":"https:\/\/www.ernstbrunn-apotheke.at\/katalog\/wp-json\/wp\/v2\/types\/product"}],"wp:featuredmedia":[{"embeddable":true,"href":"https:\/\/www.ernstbrunn-apotheke.at\/katalog\/wp-json\/wp\/v2\/media\/97531"}],"wp:attachment":[{"href":"https:\/\/www.ernstbrunn-apotheke.at\/katalog\/wp-json\/wp\/v2\/media?parent=97529"}],"wp:term":[{"taxonomy":"product_brand","embeddable":true,"href":"https:\/\/www.ernstbrunn-apotheke.at\/katalog\/wp-json\/wp\/v2\/product_brand?post=97529"},{"taxonomy":"product_cat","embeddable":true,"href":"https:\/\/www.ernstbrunn-apotheke.at\/katalog\/wp-json\/wp\/v2\/product_cat?post=97529"},{"taxonomy":"product_tag","embeddable":true,"href":"https:\/\/www.ernstbrunn-apotheke.at\/katalog\/wp-json\/wp\/v2\/product_tag?post=97529"}],"curies":[{"name":"wp","href":"https:\/\/api.w.org\/{rel}","templated":true}]}}