{"id":97526,"date":"2025-11-12T11:32:30","date_gmt":"2025-11-12T10:32:30","guid":{"rendered":"https:\/\/www.ernstbrunn-apotheke.at\/katalog\/produkt\/nuxe-very-rose-cleansing-water-dry-to-very-dry-skin-200-ml\/"},"modified":"2025-12-08T20:54:02","modified_gmt":"2025-12-08T19:54:02","slug":"nuxe-very-rose-cleansing-water-dry-to-very-dry-skin-200-ml","status":"publish","type":"product","link":"https:\/\/www.ernstbrunn-apotheke.at\/katalog\/produkt\/nuxe-very-rose-cleansing-water-dry-to-very-dry-skin-200-ml\/","title":{"rendered":"Nuxe Very Rose cleansing Water dry to very dry skin 200 ml"},"content":{"rendered":"<p>Very Rose cleansing water dry to very dry skin entfernt Make-up, reinigt und sorgt f\u00fcr zarte Haut imGesicht und um die Augenpartie. Es ist f\u00fcr alle Hauttypen geeignet, selbst empfindliche.97 % der Wirkstoffe sind nat\u00fcrlichen Ursprungs.Dieses Mizellen-Reinigungswasser mit Rosenbl\u00fctenwasser befreit die Haut von Make-up und reinigt Gesicht und Augen, indem auch Unreinheitenentfernt werden. Es ist angereichert mit einem Skin-Respect-Komplex 100 % pflanzlichen Ursprungs und sch\u00fctzt das Hautgleichgewicht.Die Haut bleibt frisch und zart und die Sinne werden durch ihren zarten Rosenduft verzaubert.<\/p>\n","protected":false},"excerpt":{"rendered":"<p>Very Rose cleansing water dry to very dry skin entfernt Make-up, reinigt und sorgt f\u00fcr zarte Haut imGesicht und um die Augenpartie. Es ist f\u00fcr alle Hauttypen geeignet, selbst empfindliche.97 % der Wirkstoffe sind nat\u00fcrlichen Ursprungs.Dieses Mizellen-Reinigungswasser mit Rosenbl\u00fctenwasser befreit die Haut von Make-up und reinigt Gesicht und Augen, indem auch Unreinheitenentfernt werden. Es ist [&hellip;]<\/p>\n","protected":false},"featured_media":97528,"template":"","meta":{"_acf_changed":false},"product_brand":[705],"product_cat":[797],"product_tag":[],"class_list":{"0":"post-97526","1":"product","2":"type-product","3":"status-publish","4":"has-post-thumbnail","6":"product_brand-nuxe","7":"product_cat-n","8":"pa_packungsgroesse-200ml","10":"first","11":"instock","12":"shipping-taxable","13":"purchasable","14":"product-type-simple"},"acf":[],"_links":{"self":[{"href":"https:\/\/www.ernstbrunn-apotheke.at\/katalog\/wp-json\/wp\/v2\/product\/97526","targetHints":{"allow":["GET"]}}],"collection":[{"href":"https:\/\/www.ernstbrunn-apotheke.at\/katalog\/wp-json\/wp\/v2\/product"}],"about":[{"href":"https:\/\/www.ernstbrunn-apotheke.at\/katalog\/wp-json\/wp\/v2\/types\/product"}],"wp:featuredmedia":[{"embeddable":true,"href":"https:\/\/www.ernstbrunn-apotheke.at\/katalog\/wp-json\/wp\/v2\/media\/97528"}],"wp:attachment":[{"href":"https:\/\/www.ernstbrunn-apotheke.at\/katalog\/wp-json\/wp\/v2\/media?parent=97526"}],"wp:term":[{"taxonomy":"product_brand","embeddable":true,"href":"https:\/\/www.ernstbrunn-apotheke.at\/katalog\/wp-json\/wp\/v2\/product_brand?post=97526"},{"taxonomy":"product_cat","embeddable":true,"href":"https:\/\/www.ernstbrunn-apotheke.at\/katalog\/wp-json\/wp\/v2\/product_cat?post=97526"},{"taxonomy":"product_tag","embeddable":true,"href":"https:\/\/www.ernstbrunn-apotheke.at\/katalog\/wp-json\/wp\/v2\/product_tag?post=97526"}],"curies":[{"name":"wp","href":"https:\/\/api.w.org\/{rel}","templated":true}]}}