{"id":97476,"date":"2025-11-12T11:31:28","date_gmt":"2025-11-12T10:31:28","guid":{"rendered":"https:\/\/www.ernstbrunn-apotheke.at\/katalog\/produkt\/heliocare-360-invisible-spray-spf-50-200-ml\/"},"modified":"2025-12-08T20:53:49","modified_gmt":"2025-12-08T19:53:49","slug":"heliocare-360-invisible-spray-spf-50-200-ml","status":"publish","type":"product","link":"https:\/\/www.ernstbrunn-apotheke.at\/katalog\/produkt\/heliocare-360-invisible-spray-spf-50-200-ml\/","title":{"rendered":"Heliocare 360\u00b0 Invisible Spray SPF 50+ 200 ml"},"content":{"rendered":"<p>360\u00b0 Photoimmunschutz f\u00fcr den K\u00f6rper mit leichter, transparenter Textur &#8211; f\u00fcr alle Hauttypen.<\/p>\n","protected":false},"excerpt":{"rendered":"<p>360\u00b0 Photoimmunschutz f\u00fcr den K\u00f6rper mit leichter, transparenter Textur &#8211; f\u00fcr alle Hauttypen.<\/p>\n","protected":false},"featured_media":97478,"template":"","meta":{"_acf_changed":false},"product_brand":[1026],"product_cat":[805],"product_tag":[],"class_list":{"0":"post-97476","1":"product","2":"type-product","3":"status-publish","4":"has-post-thumbnail","6":"product_brand-heliocare","7":"product_cat-h","8":"pa_packungsgroesse-200ml","10":"first","11":"instock","12":"shipping-taxable","13":"purchasable","14":"product-type-simple"},"acf":[],"_links":{"self":[{"href":"https:\/\/www.ernstbrunn-apotheke.at\/katalog\/wp-json\/wp\/v2\/product\/97476","targetHints":{"allow":["GET"]}}],"collection":[{"href":"https:\/\/www.ernstbrunn-apotheke.at\/katalog\/wp-json\/wp\/v2\/product"}],"about":[{"href":"https:\/\/www.ernstbrunn-apotheke.at\/katalog\/wp-json\/wp\/v2\/types\/product"}],"wp:featuredmedia":[{"embeddable":true,"href":"https:\/\/www.ernstbrunn-apotheke.at\/katalog\/wp-json\/wp\/v2\/media\/97478"}],"wp:attachment":[{"href":"https:\/\/www.ernstbrunn-apotheke.at\/katalog\/wp-json\/wp\/v2\/media?parent=97476"}],"wp:term":[{"taxonomy":"product_brand","embeddable":true,"href":"https:\/\/www.ernstbrunn-apotheke.at\/katalog\/wp-json\/wp\/v2\/product_brand?post=97476"},{"taxonomy":"product_cat","embeddable":true,"href":"https:\/\/www.ernstbrunn-apotheke.at\/katalog\/wp-json\/wp\/v2\/product_cat?post=97476"},{"taxonomy":"product_tag","embeddable":true,"href":"https:\/\/www.ernstbrunn-apotheke.at\/katalog\/wp-json\/wp\/v2\/product_tag?post=97476"}],"curies":[{"name":"wp","href":"https:\/\/api.w.org\/{rel}","templated":true}]}}