{"id":97404,"date":"2025-11-12T11:29:43","date_gmt":"2025-11-12T10:29:43","guid":{"rendered":"https:\/\/www.ernstbrunn-apotheke.at\/katalog\/produkt\/nexcare-active-tape-pflaster-25-cm-x-45-m\/"},"modified":"2025-12-08T20:53:22","modified_gmt":"2025-12-08T19:53:22","slug":"nexcare-active-tape-pflaster-25-cm-x-45-m","status":"publish","type":"product","link":"https:\/\/www.ernstbrunn-apotheke.at\/katalog\/produkt\/nexcare-active-tape-pflaster-25-cm-x-45-m\/","title":{"rendered":"Nexcare Active Tape Pflaster 2,5 cm x 4,5 m"},"content":{"rendered":"<p>Nexcare\u2122 Active Tape Pflaster 2,5 cm x 4,5 m zum Schutz und zur Vorbeugungen von Blasen vorgesehen. Das gepolsterte Material sch\u00fctzt die Haut vor Reibung, sodass Endkunden bedenklos Ihren t\u00e4glichen Aktivit\u00e4ten nachgehen k\u00f6nnen &#8211; Jetzt online bestellen<\/p>\n","protected":false},"excerpt":{"rendered":"<p>Nexcare\u2122 Active Tape Pflaster 2,5 cm x 4,5 m zum Schutz und zur Vorbeugungen von Blasen vorgesehen. Das gepolsterte Material sch\u00fctzt die Haut vor Reibung, sodass Endkunden bedenklos Ihren t\u00e4glichen Aktivit\u00e4ten nachgehen k\u00f6nnen &#8211; Jetzt online bestellen<\/p>\n","protected":false},"featured_media":97406,"template":"","meta":{"_acf_changed":false},"product_brand":[990],"product_cat":[797],"product_tag":[],"class_list":{"0":"post-97404","1":"product","2":"type-product","3":"status-publish","4":"has-post-thumbnail","6":"product_brand-nexcare","7":"product_cat-n","8":"pa_packungsgroesse-1-stueck","10":"first","11":"instock","12":"shipping-taxable","13":"purchasable","14":"product-type-simple"},"acf":[],"_links":{"self":[{"href":"https:\/\/www.ernstbrunn-apotheke.at\/katalog\/wp-json\/wp\/v2\/product\/97404","targetHints":{"allow":["GET"]}}],"collection":[{"href":"https:\/\/www.ernstbrunn-apotheke.at\/katalog\/wp-json\/wp\/v2\/product"}],"about":[{"href":"https:\/\/www.ernstbrunn-apotheke.at\/katalog\/wp-json\/wp\/v2\/types\/product"}],"wp:featuredmedia":[{"embeddable":true,"href":"https:\/\/www.ernstbrunn-apotheke.at\/katalog\/wp-json\/wp\/v2\/media\/97406"}],"wp:attachment":[{"href":"https:\/\/www.ernstbrunn-apotheke.at\/katalog\/wp-json\/wp\/v2\/media?parent=97404"}],"wp:term":[{"taxonomy":"product_brand","embeddable":true,"href":"https:\/\/www.ernstbrunn-apotheke.at\/katalog\/wp-json\/wp\/v2\/product_brand?post=97404"},{"taxonomy":"product_cat","embeddable":true,"href":"https:\/\/www.ernstbrunn-apotheke.at\/katalog\/wp-json\/wp\/v2\/product_cat?post=97404"},{"taxonomy":"product_tag","embeddable":true,"href":"https:\/\/www.ernstbrunn-apotheke.at\/katalog\/wp-json\/wp\/v2\/product_tag?post=97404"}],"curies":[{"name":"wp","href":"https:\/\/api.w.org\/{rel}","templated":true}]}}