{"id":97386,"date":"2025-11-12T11:29:13","date_gmt":"2025-11-12T10:29:13","guid":{"rendered":"https:\/\/www.ernstbrunn-apotheke.at\/katalog\/produkt\/phyto-keratine-reparatur-spray-150-ml\/"},"modified":"2025-12-08T20:53:13","modified_gmt":"2025-12-08T19:53:13","slug":"phyto-keratine-reparatur-spray-150-ml","status":"publish","type":"product","link":"https:\/\/www.ernstbrunn-apotheke.at\/katalog\/produkt\/phyto-keratine-reparatur-spray-150-ml\/","title":{"rendered":"Phyto Keratine Reparatur-Spray 150 ml"},"content":{"rendered":"<p>Phyto Keratin Reparatur-Spray ist eine Leave-In-Behandlung, die besch\u00e4digtes Haarmaterial repariert und gleichzeitig vor Hitze und Bruch beim Styling, B\u00fcrsten oder Gl\u00e4tten sch\u00fctzt. Angereichert mit pflanzlichem Keratin und Hyalurons\u00e4ure, sorgt es f\u00fcr eine optimale Hydratationsrate. Der nat\u00fcrliche Extrakt der thermoaktiven Traube sch\u00fctzt das Haar vor den sch\u00e4dlichen Auswirkungen von Hitze. Das Ergebnis: Das Haar wird vor Hitze gesch\u00fctzt und ist leicht zu stylen, st\u00e4rker und seidiger.<\/p>\n","protected":false},"excerpt":{"rendered":"<p>Phyto Keratin Reparatur-Spray ist eine Leave-In-Behandlung, die besch\u00e4digtes Haarmaterial repariert und gleichzeitig vor Hitze und Bruch beim Styling, B\u00fcrsten oder Gl\u00e4tten sch\u00fctzt. Angereichert mit pflanzlichem Keratin und Hyalurons\u00e4ure, sorgt es f\u00fcr eine optimale Hydratationsrate. Der nat\u00fcrliche Extrakt der thermoaktiven Traube sch\u00fctzt das Haar vor den sch\u00e4dlichen Auswirkungen von Hitze. Das Ergebnis: Das Haar wird vor [&hellip;]<\/p>\n","protected":false},"featured_media":97388,"template":"","meta":{"_acf_changed":false},"product_brand":[732],"product_cat":[793],"product_tag":[],"class_list":{"0":"post-97386","1":"product","2":"type-product","3":"status-publish","4":"has-post-thumbnail","6":"product_brand-phyto","7":"product_cat-p","8":"pa_packungsgroesse-150ml","10":"first","11":"instock","12":"shipping-taxable","13":"purchasable","14":"product-type-simple"},"acf":[],"_links":{"self":[{"href":"https:\/\/www.ernstbrunn-apotheke.at\/katalog\/wp-json\/wp\/v2\/product\/97386","targetHints":{"allow":["GET"]}}],"collection":[{"href":"https:\/\/www.ernstbrunn-apotheke.at\/katalog\/wp-json\/wp\/v2\/product"}],"about":[{"href":"https:\/\/www.ernstbrunn-apotheke.at\/katalog\/wp-json\/wp\/v2\/types\/product"}],"wp:featuredmedia":[{"embeddable":true,"href":"https:\/\/www.ernstbrunn-apotheke.at\/katalog\/wp-json\/wp\/v2\/media\/97388"}],"wp:attachment":[{"href":"https:\/\/www.ernstbrunn-apotheke.at\/katalog\/wp-json\/wp\/v2\/media?parent=97386"}],"wp:term":[{"taxonomy":"product_brand","embeddable":true,"href":"https:\/\/www.ernstbrunn-apotheke.at\/katalog\/wp-json\/wp\/v2\/product_brand?post=97386"},{"taxonomy":"product_cat","embeddable":true,"href":"https:\/\/www.ernstbrunn-apotheke.at\/katalog\/wp-json\/wp\/v2\/product_cat?post=97386"},{"taxonomy":"product_tag","embeddable":true,"href":"https:\/\/www.ernstbrunn-apotheke.at\/katalog\/wp-json\/wp\/v2\/product_tag?post=97386"}],"curies":[{"name":"wp","href":"https:\/\/api.w.org\/{rel}","templated":true}]}}