{"id":97384,"date":"2025-11-12T11:29:13","date_gmt":"2025-11-12T10:29:13","guid":{"rendered":"https:\/\/www.ernstbrunn-apotheke.at\/katalog\/produkt\/phyto-keratine-reparatur-haarmaske-150-ml\/"},"modified":"2025-12-08T20:53:12","modified_gmt":"2025-12-08T19:53:12","slug":"phyto-keratine-reparatur-haarmaske-150-ml","status":"publish","type":"product","link":"https:\/\/www.ernstbrunn-apotheke.at\/katalog\/produkt\/phyto-keratine-reparatur-haarmaske-150-ml\/","title":{"rendered":"Phyto Keratine Reparatur Haarmaske 150 ml"},"content":{"rendered":"<p>Die cremige Phyto Keratine Reparatur Haarmaske repariert strapaziertes und br\u00fcchiges Haar und verleiht diesem wieder Kraft und Geschmeidigkeit. Nach mehrj\u00e4hriger Forschung haben die Laboratoires Phytosolba Proteine aus Quinoa, Lupine und Erbsen ausgew\u00e4hlt und so ein neues pflanzliches Keratin entwickelt. Dieses \u00e4hnelt dem Keratin des Haares sehr und repariert die Haarfaser intensiv. Reis-Ceramide gl\u00e4tten die Haarschuppen, f\u00fcllen mikrofeine Struktursch\u00e4den auf und st\u00e4rken die empfindliche Haarfaser.<\/p>\n","protected":false},"excerpt":{"rendered":"<p>Die cremige Phyto Keratine Reparatur Haarmaske repariert strapaziertes und br\u00fcchiges Haar und verleiht diesem wieder Kraft und Geschmeidigkeit. Nach mehrj\u00e4hriger Forschung haben die Laboratoires Phytosolba Proteine aus Quinoa, Lupine und Erbsen ausgew\u00e4hlt und so ein neues pflanzliches Keratin entwickelt. Dieses \u00e4hnelt dem Keratin des Haares sehr und repariert die Haarfaser intensiv. Reis-Ceramide gl\u00e4tten die Haarschuppen, [&hellip;]<\/p>\n","protected":false},"featured_media":0,"template":"","meta":{"_acf_changed":false},"product_brand":[732],"product_cat":[793],"product_tag":[],"class_list":{"0":"post-97384","1":"product","2":"type-product","3":"status-publish","5":"product_brand-phyto","6":"product_cat-p","7":"pa_packungsgroesse-150ml","9":"first","10":"instock","11":"shipping-taxable","12":"purchasable","13":"product-type-simple"},"acf":[],"_links":{"self":[{"href":"https:\/\/www.ernstbrunn-apotheke.at\/katalog\/wp-json\/wp\/v2\/product\/97384","targetHints":{"allow":["GET"]}}],"collection":[{"href":"https:\/\/www.ernstbrunn-apotheke.at\/katalog\/wp-json\/wp\/v2\/product"}],"about":[{"href":"https:\/\/www.ernstbrunn-apotheke.at\/katalog\/wp-json\/wp\/v2\/types\/product"}],"wp:attachment":[{"href":"https:\/\/www.ernstbrunn-apotheke.at\/katalog\/wp-json\/wp\/v2\/media?parent=97384"}],"wp:term":[{"taxonomy":"product_brand","embeddable":true,"href":"https:\/\/www.ernstbrunn-apotheke.at\/katalog\/wp-json\/wp\/v2\/product_brand?post=97384"},{"taxonomy":"product_cat","embeddable":true,"href":"https:\/\/www.ernstbrunn-apotheke.at\/katalog\/wp-json\/wp\/v2\/product_cat?post=97384"},{"taxonomy":"product_tag","embeddable":true,"href":"https:\/\/www.ernstbrunn-apotheke.at\/katalog\/wp-json\/wp\/v2\/product_tag?post=97384"}],"curies":[{"name":"wp","href":"https:\/\/api.w.org\/{rel}","templated":true}]}}