{"id":97374,"date":"2025-11-12T11:29:13","date_gmt":"2025-11-12T10:29:13","guid":{"rendered":"https:\/\/www.ernstbrunn-apotheke.at\/katalog\/produkt\/biobene-herz-gefaesse-kapseln-60-stk\/"},"modified":"2025-12-08T20:53:10","modified_gmt":"2025-12-08T19:53:10","slug":"biobene-herz-gefaesse-kapseln-60-stk","status":"publish","type":"product","link":"https:\/\/www.ernstbrunn-apotheke.at\/katalog\/produkt\/biobene-herz-gefaesse-kapseln-60-stk\/","title":{"rendered":"Biobene Herz + Gef\u00e4\u00dfe Kapseln 60 Stk."},"content":{"rendered":"<p>Die Biobene Herz + Gef\u00e4\u00dfe Kapseln enthalten Thiamin zur Unterst\u00fctzung einer normalen Herzfunktion, Vitamin C als Unterst\u00fctzung zur normalen Kollagenbildung f\u00fcr die normale Funktion der Blutgef\u00e4\u00dfe, Anthocyanidine aus der Aronia Frucht, sowie Monacolin K aus Rotem Reis und Coenzym Q10. So leisten Sie mit nur einer Kapsel t\u00e4glich einen wertvollen Beitrag f\u00fcr Ihr nat\u00fcrliches Cholesterinmanagement und sch\u00fctzen Ihr Herz und Ihre Gef\u00e4\u00dfe.<\/p>\n","protected":false},"excerpt":{"rendered":"<p>Die Biobene Herz + Gef\u00e4\u00dfe Kapseln enthalten Thiamin zur Unterst\u00fctzung einer normalen Herzfunktion, Vitamin C als Unterst\u00fctzung zur normalen Kollagenbildung f\u00fcr die normale Funktion der Blutgef\u00e4\u00dfe, Anthocyanidine aus der Aronia Frucht, sowie Monacolin K aus Rotem Reis und Coenzym Q10. So leisten Sie mit nur einer Kapsel t\u00e4glich einen wertvollen Beitrag f\u00fcr Ihr nat\u00fcrliches Cholesterinmanagement [&hellip;]<\/p>\n","protected":false},"featured_media":97376,"template":"","meta":{"_acf_changed":false},"product_brand":[],"product_cat":[802],"product_tag":[],"class_list":{"0":"post-97374","1":"product","2":"type-product","3":"status-publish","4":"has-post-thumbnail","6":"product_cat-b","7":"pa_packungsgroesse-60-stueck","9":"first","10":"instock","11":"shipping-taxable","12":"purchasable","13":"product-type-simple"},"acf":[],"_links":{"self":[{"href":"https:\/\/www.ernstbrunn-apotheke.at\/katalog\/wp-json\/wp\/v2\/product\/97374","targetHints":{"allow":["GET"]}}],"collection":[{"href":"https:\/\/www.ernstbrunn-apotheke.at\/katalog\/wp-json\/wp\/v2\/product"}],"about":[{"href":"https:\/\/www.ernstbrunn-apotheke.at\/katalog\/wp-json\/wp\/v2\/types\/product"}],"wp:featuredmedia":[{"embeddable":true,"href":"https:\/\/www.ernstbrunn-apotheke.at\/katalog\/wp-json\/wp\/v2\/media\/97376"}],"wp:attachment":[{"href":"https:\/\/www.ernstbrunn-apotheke.at\/katalog\/wp-json\/wp\/v2\/media?parent=97374"}],"wp:term":[{"taxonomy":"product_brand","embeddable":true,"href":"https:\/\/www.ernstbrunn-apotheke.at\/katalog\/wp-json\/wp\/v2\/product_brand?post=97374"},{"taxonomy":"product_cat","embeddable":true,"href":"https:\/\/www.ernstbrunn-apotheke.at\/katalog\/wp-json\/wp\/v2\/product_cat?post=97374"},{"taxonomy":"product_tag","embeddable":true,"href":"https:\/\/www.ernstbrunn-apotheke.at\/katalog\/wp-json\/wp\/v2\/product_tag?post=97374"}],"curies":[{"name":"wp","href":"https:\/\/api.w.org\/{rel}","templated":true}]}}