{"id":97229,"date":"2025-11-12T11:25:16","date_gmt":"2025-11-12T10:25:16","guid":{"rendered":"https:\/\/www.ernstbrunn-apotheke.at\/katalog\/produkt\/espara-teebaum-oel-kapseln-45-stk\/"},"modified":"2025-12-08T20:52:33","modified_gmt":"2025-12-08T19:52:33","slug":"espara-teebaum-oel-kapseln-45-stk","status":"publish","type":"product","link":"https:\/\/www.ernstbrunn-apotheke.at\/katalog\/produkt\/espara-teebaum-oel-kapseln-45-stk\/","title":{"rendered":"Espara Teebaum \u00d6l Kapseln 45 Stk."},"content":{"rendered":"<p>Espara Teebaum \u00d6l Kapseln sind ein Nahrungserg\u00e4nzungsmittel mit wertvollem Teebaum\u00f6l in Kombination mit Nachtkerzen- und Sanddorn\u00f6l. Teebaum\u00f6l unterst\u00fctzt das Immunsystem.<\/p>\n","protected":false},"excerpt":{"rendered":"<p>Espara Teebaum \u00d6l Kapseln sind ein Nahrungserg\u00e4nzungsmittel mit wertvollem Teebaum\u00f6l in Kombination mit Nachtkerzen- und Sanddorn\u00f6l. Teebaum\u00f6l unterst\u00fctzt das Immunsystem.<\/p>\n","protected":false},"featured_media":97231,"template":"","meta":{"_acf_changed":false},"product_brand":[383],"product_cat":[794],"product_tag":[],"class_list":{"0":"post-97229","1":"product","2":"type-product","3":"status-publish","4":"has-post-thumbnail","6":"product_brand-espara","7":"product_cat-e","8":"pa_packungsgroesse-45-stueck","10":"first","11":"instock","12":"shipping-taxable","13":"purchasable","14":"product-type-simple"},"acf":[],"_links":{"self":[{"href":"https:\/\/www.ernstbrunn-apotheke.at\/katalog\/wp-json\/wp\/v2\/product\/97229","targetHints":{"allow":["GET"]}}],"collection":[{"href":"https:\/\/www.ernstbrunn-apotheke.at\/katalog\/wp-json\/wp\/v2\/product"}],"about":[{"href":"https:\/\/www.ernstbrunn-apotheke.at\/katalog\/wp-json\/wp\/v2\/types\/product"}],"wp:featuredmedia":[{"embeddable":true,"href":"https:\/\/www.ernstbrunn-apotheke.at\/katalog\/wp-json\/wp\/v2\/media\/97231"}],"wp:attachment":[{"href":"https:\/\/www.ernstbrunn-apotheke.at\/katalog\/wp-json\/wp\/v2\/media?parent=97229"}],"wp:term":[{"taxonomy":"product_brand","embeddable":true,"href":"https:\/\/www.ernstbrunn-apotheke.at\/katalog\/wp-json\/wp\/v2\/product_brand?post=97229"},{"taxonomy":"product_cat","embeddable":true,"href":"https:\/\/www.ernstbrunn-apotheke.at\/katalog\/wp-json\/wp\/v2\/product_cat?post=97229"},{"taxonomy":"product_tag","embeddable":true,"href":"https:\/\/www.ernstbrunn-apotheke.at\/katalog\/wp-json\/wp\/v2\/product_tag?post=97229"}],"curies":[{"name":"wp","href":"https:\/\/api.w.org\/{rel}","templated":true}]}}