{"id":97175,"date":"2025-11-12T11:23:14","date_gmt":"2025-11-12T10:23:14","guid":{"rendered":"https:\/\/www.ernstbrunn-apotheke.at\/katalog\/produkt\/dr-hauschka-toenungsfluid-18-ml\/"},"modified":"2025-12-08T20:52:14","modified_gmt":"2025-12-08T19:52:14","slug":"dr-hauschka-toenungsfluid-18-ml","status":"publish","type":"product","link":"https:\/\/www.ernstbrunn-apotheke.at\/katalog\/produkt\/dr-hauschka-toenungsfluid-18-ml\/","title":{"rendered":"Dr. Hauschka T\u00f6nungsfluid 18 ml"},"content":{"rendered":"<p>Dr. Hauschka T\u00f6nungsfluid &#8211; F\u00fcr Ihre pers\u00f6nliche Nuance. Frischen Sie Ihren Teint ganz individuell auf: Das T\u00f6nungsfluid von Dr. Hauschka l\u00e4sst sich in der Hand mit Ihrer gewohnten Tagespflege mischen. So geben Sie Ihrem Hautton je nach Jahreszeit und Stimmung eine f\u00fcr Sie stimmige Nuance und gleichen Unregelm\u00e4\u00dfigkeiten aus.<\/p>\n","protected":false},"excerpt":{"rendered":"<p>Dr. Hauschka T\u00f6nungsfluid &#8211; F\u00fcr Ihre pers\u00f6nliche Nuance. Frischen Sie Ihren Teint ganz individuell auf: Das T\u00f6nungsfluid von Dr. Hauschka l\u00e4sst sich in der Hand mit Ihrer gewohnten Tagespflege mischen. So geben Sie Ihrem Hautton je nach Jahreszeit und Stimmung eine f\u00fcr Sie stimmige Nuance und gleichen Unregelm\u00e4\u00dfigkeiten aus.<\/p>\n","protected":false},"featured_media":97177,"template":"","meta":{"_acf_changed":false},"product_brand":[679],"product_cat":[792],"product_tag":[],"class_list":{"0":"post-97175","1":"product","2":"type-product","3":"status-publish","4":"has-post-thumbnail","6":"product_brand-dr-hauschka","7":"product_cat-d","8":"pa_packungsgroesse-18ml","10":"first","11":"instock","12":"shipping-taxable","13":"purchasable","14":"product-type-simple"},"acf":[],"_links":{"self":[{"href":"https:\/\/www.ernstbrunn-apotheke.at\/katalog\/wp-json\/wp\/v2\/product\/97175","targetHints":{"allow":["GET"]}}],"collection":[{"href":"https:\/\/www.ernstbrunn-apotheke.at\/katalog\/wp-json\/wp\/v2\/product"}],"about":[{"href":"https:\/\/www.ernstbrunn-apotheke.at\/katalog\/wp-json\/wp\/v2\/types\/product"}],"wp:featuredmedia":[{"embeddable":true,"href":"https:\/\/www.ernstbrunn-apotheke.at\/katalog\/wp-json\/wp\/v2\/media\/97177"}],"wp:attachment":[{"href":"https:\/\/www.ernstbrunn-apotheke.at\/katalog\/wp-json\/wp\/v2\/media?parent=97175"}],"wp:term":[{"taxonomy":"product_brand","embeddable":true,"href":"https:\/\/www.ernstbrunn-apotheke.at\/katalog\/wp-json\/wp\/v2\/product_brand?post=97175"},{"taxonomy":"product_cat","embeddable":true,"href":"https:\/\/www.ernstbrunn-apotheke.at\/katalog\/wp-json\/wp\/v2\/product_cat?post=97175"},{"taxonomy":"product_tag","embeddable":true,"href":"https:\/\/www.ernstbrunn-apotheke.at\/katalog\/wp-json\/wp\/v2\/product_tag?post=97175"}],"curies":[{"name":"wp","href":"https:\/\/api.w.org\/{rel}","templated":true}]}}