{"id":97159,"date":"2025-11-12T11:23:14","date_gmt":"2025-11-12T10:23:14","guid":{"rendered":"https:\/\/www.ernstbrunn-apotheke.at\/katalog\/produkt\/yokebe-vanille-500-g\/"},"modified":"2025-12-08T20:52:11","modified_gmt":"2025-12-08T19:52:11","slug":"yokebe-vanille-500-g","status":"publish","type":"product","link":"https:\/\/www.ernstbrunn-apotheke.at\/katalog\/produkt\/yokebe-vanille-500-g\/","title":{"rendered":"Yokebe Vanille 500 g"},"content":{"rendered":"<p>Yokebe Vanille sorgt neben Yokebe Erdbeer und Schoko f\u00fcr mehr geschmackliche Abwechslung in Ihrer Di\u00e4t- jetzt mit verbesserter Formel! Yokebe Vanille ist eine spezielle Kombination aus hochwertigen lactosefreien Proteinquellen, Bienenhonig, wichtigen Vitaminen, Mineralstoffen und Spurenelementen, die mit einem angenehmen Vanillegeschmack abgerundet wird. Die ausgefeilte N\u00e4hrstoffkombination in Yokebe sorgt im Rahmen der Di\u00e4tpl\u00e4ne f\u00fcr den Yokebe-Abnehmeffekt, der Ihre Kilos im Nu purzeln l\u00e4sst und Ihren K\u00f6rper in Balance h\u00e4lt! Aufgrund seiner besonderen N\u00e4hrstoffdichte ist ein Shake so nahrhaft wie eine vollst\u00e4ndige und ausgewogene Mahlzeit und hat dabei nur 247 Kalorien. Die Folge: Man ist satt und rundum versorgt, aber zur Deckung des Energiebedarfs greift der K\u00f6rper bereits ab dem ersten Tag auf seine Fettreserven zur\u00fcck.<\/p>\n","protected":false},"excerpt":{"rendered":"<p>Yokebe Vanille sorgt neben Yokebe Erdbeer und Schoko f\u00fcr mehr geschmackliche Abwechslung in Ihrer Di\u00e4t- jetzt mit verbesserter Formel! Yokebe Vanille ist eine spezielle Kombination aus hochwertigen lactosefreien Proteinquellen, Bienenhonig, wichtigen Vitaminen, Mineralstoffen und Spurenelementen, die mit einem angenehmen Vanillegeschmack abgerundet wird. Die ausgefeilte N\u00e4hrstoffkombination in Yokebe sorgt im Rahmen der Di\u00e4tpl\u00e4ne f\u00fcr den Yokebe-Abnehmeffekt, [&hellip;]<\/p>\n","protected":false},"featured_media":97161,"template":"","meta":{"_acf_changed":false},"product_brand":[],"product_cat":[835],"product_tag":[],"class_list":{"0":"post-97159","1":"product","2":"type-product","3":"status-publish","4":"has-post-thumbnail","6":"product_cat-y","7":"pa_packungsgroesse-500g","9":"first","10":"instock","11":"shipping-taxable","12":"purchasable","13":"product-type-simple"},"acf":[],"_links":{"self":[{"href":"https:\/\/www.ernstbrunn-apotheke.at\/katalog\/wp-json\/wp\/v2\/product\/97159","targetHints":{"allow":["GET"]}}],"collection":[{"href":"https:\/\/www.ernstbrunn-apotheke.at\/katalog\/wp-json\/wp\/v2\/product"}],"about":[{"href":"https:\/\/www.ernstbrunn-apotheke.at\/katalog\/wp-json\/wp\/v2\/types\/product"}],"wp:featuredmedia":[{"embeddable":true,"href":"https:\/\/www.ernstbrunn-apotheke.at\/katalog\/wp-json\/wp\/v2\/media\/97161"}],"wp:attachment":[{"href":"https:\/\/www.ernstbrunn-apotheke.at\/katalog\/wp-json\/wp\/v2\/media?parent=97159"}],"wp:term":[{"taxonomy":"product_brand","embeddable":true,"href":"https:\/\/www.ernstbrunn-apotheke.at\/katalog\/wp-json\/wp\/v2\/product_brand?post=97159"},{"taxonomy":"product_cat","embeddable":true,"href":"https:\/\/www.ernstbrunn-apotheke.at\/katalog\/wp-json\/wp\/v2\/product_cat?post=97159"},{"taxonomy":"product_tag","embeddable":true,"href":"https:\/\/www.ernstbrunn-apotheke.at\/katalog\/wp-json\/wp\/v2\/product_tag?post=97159"}],"curies":[{"name":"wp","href":"https:\/\/api.w.org\/{rel}","templated":true}]}}