{"id":97137,"date":"2025-11-12T11:15:12","date_gmt":"2025-11-12T10:15:12","guid":{"rendered":"https:\/\/www.ernstbrunn-apotheke.at\/katalog\/produkt\/supamun-kapseln\/"},"modified":"2025-12-08T20:52:06","modified_gmt":"2025-12-08T19:52:06","slug":"supamun-kapseln","status":"publish","type":"product","link":"https:\/\/www.ernstbrunn-apotheke.at\/katalog\/produkt\/supamun-kapseln\/","title":{"rendered":"Supamun Kapseln"},"content":{"rendered":"<p>Supamun\u00ae Immun Kapseln ist ein Nahrungserg\u00e4nzungsmittel mit Vitamin C, Vitamin D3 und Zink und unterst\u00fctzt die normale Funktion der Abwehrkr\u00e4fte. Durch Stress und k\u00f6rperliche Anstrengung ist unser Organismus vielen Belastungen ausgesetzt. Um diesen Belastungen standhalten zu k\u00f6nnen, ist es wichtig, ausreichend mit Vitaminen und Spurenelementen versorgt zu werden. Supamun\u00ae Immun Kapseln, nur einmal t\u00e4glich eingenommen, k\u00f6nnen durch die ausgewogene Dosierung von Vitamin C und D3 sowie dem Spurenelement Zink zur normalen Funktion des Immunsystems beitragen.<\/p>\n","protected":false},"excerpt":{"rendered":"<p>Supamun\u00ae Immun Kapseln ist ein Nahrungserg\u00e4nzungsmittel mit Vitamin C, Vitamin D3 und Zink und unterst\u00fctzt die normale Funktion der Abwehrkr\u00e4fte. Durch Stress und k\u00f6rperliche Anstrengung ist unser Organismus vielen Belastungen ausgesetzt. Um diesen Belastungen standhalten zu k\u00f6nnen, ist es wichtig, ausreichend mit Vitaminen und Spurenelementen versorgt zu werden. Supamun\u00ae Immun Kapseln, nur einmal t\u00e4glich eingenommen, [&hellip;]<\/p>\n","protected":false},"featured_media":97139,"template":"","meta":{"_acf_changed":false},"product_brand":[1370],"product_cat":[791],"product_tag":[],"class_list":{"0":"post-97137","1":"product","2":"type-product","3":"status-publish","4":"has-post-thumbnail","6":"product_brand-supamun","7":"product_cat-s","8":"pa_packungsgroesse-15-stueck","10":"first","11":"instock","12":"shipping-taxable","13":"purchasable","14":"product-type-simple"},"acf":[],"_links":{"self":[{"href":"https:\/\/www.ernstbrunn-apotheke.at\/katalog\/wp-json\/wp\/v2\/product\/97137","targetHints":{"allow":["GET"]}}],"collection":[{"href":"https:\/\/www.ernstbrunn-apotheke.at\/katalog\/wp-json\/wp\/v2\/product"}],"about":[{"href":"https:\/\/www.ernstbrunn-apotheke.at\/katalog\/wp-json\/wp\/v2\/types\/product"}],"wp:featuredmedia":[{"embeddable":true,"href":"https:\/\/www.ernstbrunn-apotheke.at\/katalog\/wp-json\/wp\/v2\/media\/97139"}],"wp:attachment":[{"href":"https:\/\/www.ernstbrunn-apotheke.at\/katalog\/wp-json\/wp\/v2\/media?parent=97137"}],"wp:term":[{"taxonomy":"product_brand","embeddable":true,"href":"https:\/\/www.ernstbrunn-apotheke.at\/katalog\/wp-json\/wp\/v2\/product_brand?post=97137"},{"taxonomy":"product_cat","embeddable":true,"href":"https:\/\/www.ernstbrunn-apotheke.at\/katalog\/wp-json\/wp\/v2\/product_cat?post=97137"},{"taxonomy":"product_tag","embeddable":true,"href":"https:\/\/www.ernstbrunn-apotheke.at\/katalog\/wp-json\/wp\/v2\/product_tag?post=97137"}],"curies":[{"name":"wp","href":"https:\/\/api.w.org\/{rel}","templated":true}]}}