{"id":97125,"date":"2025-11-12T11:15:12","date_gmt":"2025-11-12T10:15:12","guid":{"rendered":"https:\/\/www.ernstbrunn-apotheke.at\/katalog\/produkt\/curaprox-interdentalbuersten-cps-07-rot-8-stk\/"},"modified":"2025-12-08T20:52:00","modified_gmt":"2025-12-08T19:52:00","slug":"curaprox-interdentalbuersten-cps-07-rot-8-stk","status":"publish","type":"product","link":"https:\/\/www.ernstbrunn-apotheke.at\/katalog\/produkt\/curaprox-interdentalbuersten-cps-07-rot-8-stk\/","title":{"rendered":"Curaprox Interdentalb\u00fcrsten CPS 07 rot 8 Stk."},"content":{"rendered":"<p>Curaprox Interdentalb\u00fcrstel CPS 07 (G\u00e4ngigkeit: 0.7 mm) sind die feinsten B\u00fcrstchen auf dem Markt \u2013 zur besonders einfachen und wirksamen Pr\u00e4vention von Seitenzahnkaries, Gingivitis und Parodontitis. Bei der Qualit\u00e4t der CPS prime reicht eine einzige Putzbewegung v\u00f6llig aus: einmal rein und raus. Fertig..<\/p>\n","protected":false},"excerpt":{"rendered":"<p>Curaprox Interdentalb\u00fcrstel CPS 07 (G\u00e4ngigkeit: 0.7 mm) sind die feinsten B\u00fcrstchen auf dem Markt \u2013 zur besonders einfachen und wirksamen Pr\u00e4vention von Seitenzahnkaries, Gingivitis und Parodontitis. Bei der Qualit\u00e4t der CPS prime reicht eine einzige Putzbewegung v\u00f6llig aus: einmal rein und raus. Fertig..<\/p>\n","protected":false},"featured_media":97127,"template":"","meta":{"_acf_changed":false},"product_brand":[886],"product_cat":[812],"product_tag":[],"class_list":{"0":"post-97125","1":"product","2":"type-product","3":"status-publish","4":"has-post-thumbnail","6":"product_brand-curaprox","7":"product_cat-c","8":"pa_packungsgroesse-8-stueck","10":"first","11":"instock","12":"shipping-taxable","13":"purchasable","14":"product-type-simple"},"acf":[],"_links":{"self":[{"href":"https:\/\/www.ernstbrunn-apotheke.at\/katalog\/wp-json\/wp\/v2\/product\/97125","targetHints":{"allow":["GET"]}}],"collection":[{"href":"https:\/\/www.ernstbrunn-apotheke.at\/katalog\/wp-json\/wp\/v2\/product"}],"about":[{"href":"https:\/\/www.ernstbrunn-apotheke.at\/katalog\/wp-json\/wp\/v2\/types\/product"}],"wp:featuredmedia":[{"embeddable":true,"href":"https:\/\/www.ernstbrunn-apotheke.at\/katalog\/wp-json\/wp\/v2\/media\/97127"}],"wp:attachment":[{"href":"https:\/\/www.ernstbrunn-apotheke.at\/katalog\/wp-json\/wp\/v2\/media?parent=97125"}],"wp:term":[{"taxonomy":"product_brand","embeddable":true,"href":"https:\/\/www.ernstbrunn-apotheke.at\/katalog\/wp-json\/wp\/v2\/product_brand?post=97125"},{"taxonomy":"product_cat","embeddable":true,"href":"https:\/\/www.ernstbrunn-apotheke.at\/katalog\/wp-json\/wp\/v2\/product_cat?post=97125"},{"taxonomy":"product_tag","embeddable":true,"href":"https:\/\/www.ernstbrunn-apotheke.at\/katalog\/wp-json\/wp\/v2\/product_tag?post=97125"}],"curies":[{"name":"wp","href":"https:\/\/api.w.org\/{rel}","templated":true}]}}