{"id":97107,"date":"2025-11-12T11:15:12","date_gmt":"2025-11-12T10:15:12","guid":{"rendered":"https:\/\/www.ernstbrunn-apotheke.at\/katalog\/produkt\/burgerstein-coenzym-q10-50-mg-40-stk\/"},"modified":"2025-12-08T20:51:56","modified_gmt":"2025-12-08T19:51:56","slug":"burgerstein-coenzym-q10-50-mg-40-stk","status":"publish","type":"product","link":"https:\/\/www.ernstbrunn-apotheke.at\/katalog\/produkt\/burgerstein-coenzym-q10-50-mg-40-stk\/","title":{"rendered":"Burgerstein Coenzym Q10 50 mg 40 Stk."},"content":{"rendered":"<p>Burgerstein Q10 Lutschtabletten enthalten 50 mg nat\u00fcrliches Coenzym Q10(Ubichinon) aus schonend fermentierten Hefezellen. Die Lutschtabletten mit nat\u00fcrlichem Orangenaroma sind zahnschonend und das Coenzym Q10 wird durch die Mundschleimhaut besonders schnell und effizient aufgenommen. Coenzym Q10 kommt unter anderem in den Mitochondrien (Kraftwerke der Zellen), im Blut und in den Zellmembranen vor. Das im menschlichen K\u00f6rper gebildete Coenzym Q10 hat drei Hauptfunktionen: Es spielt eine unabdingbare Rolle in der mitochondrialen Energieproduktion jeder einzelnen Zelle und ist somit bedeutsam f\u00fcr die Vitalit\u00e4t und Gesundheit von Geweben und Organen. Es ist ein hochwirksames fettl\u00f6sliches Antioxidans, das Zellmembranen und andere Strukturen vor oxidativer Sch\u00e4digung sch\u00fctzt und andere verbrauchte Antioxidantien (so z. B. Vitamin C und Vitamin E) wieder neu aktiviert (recycelt). Coenzym Q10 beeinflusst die Genexpression und hat beispielsweise eine entz\u00fcndungshemmende Wirkung.<\/p>\n","protected":false},"excerpt":{"rendered":"<p>Burgerstein Q10 Lutschtabletten enthalten 50 mg nat\u00fcrliches Coenzym Q10(Ubichinon) aus schonend fermentierten Hefezellen. Die Lutschtabletten mit nat\u00fcrlichem Orangenaroma sind zahnschonend und das Coenzym Q10 wird durch die Mundschleimhaut besonders schnell und effizient aufgenommen. Coenzym Q10 kommt unter anderem in den Mitochondrien (Kraftwerke der Zellen), im Blut und in den Zellmembranen vor. Das im menschlichen K\u00f6rper [&hellip;]<\/p>\n","protected":false},"featured_media":97109,"template":"","meta":{"_acf_changed":false},"product_brand":[446],"product_cat":[802],"product_tag":[],"class_list":{"0":"post-97107","1":"product","2":"type-product","3":"status-publish","4":"has-post-thumbnail","6":"product_brand-burgerstein","7":"product_cat-b","8":"pa_packungsgroesse-40-stueck","10":"first","11":"instock","12":"shipping-taxable","13":"purchasable","14":"product-type-simple"},"acf":[],"_links":{"self":[{"href":"https:\/\/www.ernstbrunn-apotheke.at\/katalog\/wp-json\/wp\/v2\/product\/97107","targetHints":{"allow":["GET"]}}],"collection":[{"href":"https:\/\/www.ernstbrunn-apotheke.at\/katalog\/wp-json\/wp\/v2\/product"}],"about":[{"href":"https:\/\/www.ernstbrunn-apotheke.at\/katalog\/wp-json\/wp\/v2\/types\/product"}],"wp:featuredmedia":[{"embeddable":true,"href":"https:\/\/www.ernstbrunn-apotheke.at\/katalog\/wp-json\/wp\/v2\/media\/97109"}],"wp:attachment":[{"href":"https:\/\/www.ernstbrunn-apotheke.at\/katalog\/wp-json\/wp\/v2\/media?parent=97107"}],"wp:term":[{"taxonomy":"product_brand","embeddable":true,"href":"https:\/\/www.ernstbrunn-apotheke.at\/katalog\/wp-json\/wp\/v2\/product_brand?post=97107"},{"taxonomy":"product_cat","embeddable":true,"href":"https:\/\/www.ernstbrunn-apotheke.at\/katalog\/wp-json\/wp\/v2\/product_cat?post=97107"},{"taxonomy":"product_tag","embeddable":true,"href":"https:\/\/www.ernstbrunn-apotheke.at\/katalog\/wp-json\/wp\/v2\/product_tag?post=97107"}],"curies":[{"name":"wp","href":"https:\/\/api.w.org\/{rel}","templated":true}]}}