{"id":97097,"date":"2025-11-12T11:15:12","date_gmt":"2025-11-12T10:15:12","guid":{"rendered":"https:\/\/www.ernstbrunn-apotheke.at\/katalog\/produkt\/solarvit-active-d3-k2-magnesium-filmtabletten-60-stk\/"},"modified":"2025-12-08T20:51:54","modified_gmt":"2025-12-08T19:51:54","slug":"solarvit-active-d3-k2-magnesium-filmtabletten-60-stk","status":"publish","type":"product","link":"https:\/\/www.ernstbrunn-apotheke.at\/katalog\/produkt\/solarvit-active-d3-k2-magnesium-filmtabletten-60-stk\/","title":{"rendered":"Solarvit Active D3 K2 Magnesium Filmtabletten 60 Stk."},"content":{"rendered":"<p>Solarvit Active D3 K2 Magnesium ist ein Nahrungserg\u00e4nzungsmittel, das die Gesunderhaltung von Muskeln und Knochen unterst\u00fctzt. Vitamin D3 f\u00f6rdert die Aufnahme von Kalzium in den Darm, eine normale Funktion der Muskeln sowie ein gesundes Immunsystem. Vitamin K2 f\u00f6rdert zus\u00e4tzlich die Gesunderhaltung der Knochen und Magnesium spielt eine wichtige Rolle bei der Reduktion von M\u00fcdigkeit sowie Erm\u00fcdung. Zus\u00e4tzlich f\u00f6rdert es einen normalen Energiestoffwechsel. Vitamin K2 kann dank der besonders bioverf\u00fcgbaren MK7 all-trans Form sehr gut vom K\u00f6rper aufgenommen werden.<\/p>\n","protected":false},"excerpt":{"rendered":"<p>Solarvit Active D3 K2 Magnesium ist ein Nahrungserg\u00e4nzungsmittel, das die Gesunderhaltung von Muskeln und Knochen unterst\u00fctzt. Vitamin D3 f\u00f6rdert die Aufnahme von Kalzium in den Darm, eine normale Funktion der Muskeln sowie ein gesundes Immunsystem. Vitamin K2 f\u00f6rdert zus\u00e4tzlich die Gesunderhaltung der Knochen und Magnesium spielt eine wichtige Rolle bei der Reduktion von M\u00fcdigkeit sowie [&hellip;]<\/p>\n","protected":false},"featured_media":97099,"template":"","meta":{"_acf_changed":false},"product_brand":[1050],"product_cat":[791],"product_tag":[],"class_list":{"0":"post-97097","1":"product","2":"type-product","3":"status-publish","4":"has-post-thumbnail","6":"product_brand-solarvit","7":"product_cat-s","8":"pa_packungsgroesse-60-stueck","10":"first","11":"instock","12":"shipping-taxable","13":"purchasable","14":"product-type-simple"},"acf":[],"_links":{"self":[{"href":"https:\/\/www.ernstbrunn-apotheke.at\/katalog\/wp-json\/wp\/v2\/product\/97097","targetHints":{"allow":["GET"]}}],"collection":[{"href":"https:\/\/www.ernstbrunn-apotheke.at\/katalog\/wp-json\/wp\/v2\/product"}],"about":[{"href":"https:\/\/www.ernstbrunn-apotheke.at\/katalog\/wp-json\/wp\/v2\/types\/product"}],"wp:featuredmedia":[{"embeddable":true,"href":"https:\/\/www.ernstbrunn-apotheke.at\/katalog\/wp-json\/wp\/v2\/media\/97099"}],"wp:attachment":[{"href":"https:\/\/www.ernstbrunn-apotheke.at\/katalog\/wp-json\/wp\/v2\/media?parent=97097"}],"wp:term":[{"taxonomy":"product_brand","embeddable":true,"href":"https:\/\/www.ernstbrunn-apotheke.at\/katalog\/wp-json\/wp\/v2\/product_brand?post=97097"},{"taxonomy":"product_cat","embeddable":true,"href":"https:\/\/www.ernstbrunn-apotheke.at\/katalog\/wp-json\/wp\/v2\/product_cat?post=97097"},{"taxonomy":"product_tag","embeddable":true,"href":"https:\/\/www.ernstbrunn-apotheke.at\/katalog\/wp-json\/wp\/v2\/product_tag?post=97097"}],"curies":[{"name":"wp","href":"https:\/\/api.w.org\/{rel}","templated":true}]}}