{"id":96962,"date":"2025-11-12T10:54:40","date_gmt":"2025-11-12T09:54:40","guid":{"rendered":"https:\/\/www.ernstbrunn-apotheke.at\/katalog\/produkt\/curaprox-buerstenhalter-uhs-409-3-stk\/"},"modified":"2025-12-08T20:51:20","modified_gmt":"2025-12-08T19:51:20","slug":"curaprox-buerstenhalter-uhs-409-3-stk","status":"publish","type":"product","link":"https:\/\/www.ernstbrunn-apotheke.at\/katalog\/produkt\/curaprox-buerstenhalter-uhs-409-3-stk\/","title":{"rendered":"Curaprox B\u00fcrstenhalter UHS 409 3 Stk."},"content":{"rendered":"<p>Curaprox B\u00fcrstenhalter UHS 409 ist passend f\u00fcr jede Interdentalb\u00fcrste von Curaprox, und so ist ein Einfaches, den ganz pers\u00f6nlichen Lieblingshalter zu finden: abgewinkelt oder gerade, mit Click. Gerade bei Seitenz\u00e4hnen sorgen die abgewinkelten Halter f\u00fcr eine besonders einfache Anwendung.<\/p>\n","protected":false},"excerpt":{"rendered":"<p>Curaprox B\u00fcrstenhalter UHS 409 ist passend f\u00fcr jede Interdentalb\u00fcrste von Curaprox, und so ist ein Einfaches, den ganz pers\u00f6nlichen Lieblingshalter zu finden: abgewinkelt oder gerade, mit Click. Gerade bei Seitenz\u00e4hnen sorgen die abgewinkelten Halter f\u00fcr eine besonders einfache Anwendung.<\/p>\n","protected":false},"featured_media":96964,"template":"","meta":{"_acf_changed":false},"product_brand":[886],"product_cat":[812],"product_tag":[],"class_list":{"0":"post-96962","1":"product","2":"type-product","3":"status-publish","4":"has-post-thumbnail","6":"product_brand-curaprox","7":"product_cat-c","8":"pa_packungsgroesse-3-stueck","10":"first","11":"instock","12":"shipping-taxable","13":"purchasable","14":"product-type-simple"},"acf":[],"_links":{"self":[{"href":"https:\/\/www.ernstbrunn-apotheke.at\/katalog\/wp-json\/wp\/v2\/product\/96962","targetHints":{"allow":["GET"]}}],"collection":[{"href":"https:\/\/www.ernstbrunn-apotheke.at\/katalog\/wp-json\/wp\/v2\/product"}],"about":[{"href":"https:\/\/www.ernstbrunn-apotheke.at\/katalog\/wp-json\/wp\/v2\/types\/product"}],"wp:featuredmedia":[{"embeddable":true,"href":"https:\/\/www.ernstbrunn-apotheke.at\/katalog\/wp-json\/wp\/v2\/media\/96964"}],"wp:attachment":[{"href":"https:\/\/www.ernstbrunn-apotheke.at\/katalog\/wp-json\/wp\/v2\/media?parent=96962"}],"wp:term":[{"taxonomy":"product_brand","embeddable":true,"href":"https:\/\/www.ernstbrunn-apotheke.at\/katalog\/wp-json\/wp\/v2\/product_brand?post=96962"},{"taxonomy":"product_cat","embeddable":true,"href":"https:\/\/www.ernstbrunn-apotheke.at\/katalog\/wp-json\/wp\/v2\/product_cat?post=96962"},{"taxonomy":"product_tag","embeddable":true,"href":"https:\/\/www.ernstbrunn-apotheke.at\/katalog\/wp-json\/wp\/v2\/product_tag?post=96962"}],"curies":[{"name":"wp","href":"https:\/\/api.w.org\/{rel}","templated":true}]}}