{"id":96949,"date":"2025-11-12T10:54:22","date_gmt":"2025-11-12T09:54:22","guid":{"rendered":"https:\/\/www.ernstbrunn-apotheke.at\/katalog\/produkt\/avitale-haar-aktiv-plus-vegi-kapseln-120-stk\/"},"modified":"2025-12-08T20:51:14","modified_gmt":"2025-12-08T19:51:14","slug":"avitale-haar-aktiv-plus-vegi-kapseln-120-stk","status":"publish","type":"product","link":"https:\/\/www.ernstbrunn-apotheke.at\/katalog\/produkt\/avitale-haar-aktiv-plus-vegi-kapseln-120-stk\/","title":{"rendered":"Avitale Haar Aktiv Plus Vegi Kapseln 120 Stk."},"content":{"rendered":"<p>Avitale Haar Aktiv Plus Vegi Kapseln dienen zur Unterst\u00fctzung der Versorgung der Haare mit N\u00e4hrstoffen f\u00fcr volles, sch\u00f6nes Haar. Avitale Haar Aktiv Plus Kapseln sind laktosefrei und ohne Farb- und Konservierungsstoffe, die Vegi-Kapselh\u00fclle ist rein pflanzlich.<\/p>\n","protected":false},"excerpt":{"rendered":"<p>Avitale Haar Aktiv Plus Vegi Kapseln dienen zur Unterst\u00fctzung der Versorgung der Haare mit N\u00e4hrstoffen f\u00fcr volles, sch\u00f6nes Haar. Avitale Haar Aktiv Plus Kapseln sind laktosefrei und ohne Farb- und Konservierungsstoffe, die Vegi-Kapselh\u00fclle ist rein pflanzlich.<\/p>\n","protected":false},"featured_media":96951,"template":"","meta":{"_acf_changed":false},"product_brand":[816],"product_cat":[801],"product_tag":[],"class_list":{"0":"post-96949","1":"product","2":"type-product","3":"status-publish","4":"has-post-thumbnail","6":"product_brand-avitale","7":"product_cat-a","8":"pa_packungsgroesse-120-stueck","10":"first","11":"instock","12":"shipping-taxable","13":"purchasable","14":"product-type-simple"},"acf":[],"_links":{"self":[{"href":"https:\/\/www.ernstbrunn-apotheke.at\/katalog\/wp-json\/wp\/v2\/product\/96949","targetHints":{"allow":["GET"]}}],"collection":[{"href":"https:\/\/www.ernstbrunn-apotheke.at\/katalog\/wp-json\/wp\/v2\/product"}],"about":[{"href":"https:\/\/www.ernstbrunn-apotheke.at\/katalog\/wp-json\/wp\/v2\/types\/product"}],"wp:featuredmedia":[{"embeddable":true,"href":"https:\/\/www.ernstbrunn-apotheke.at\/katalog\/wp-json\/wp\/v2\/media\/96951"}],"wp:attachment":[{"href":"https:\/\/www.ernstbrunn-apotheke.at\/katalog\/wp-json\/wp\/v2\/media?parent=96949"}],"wp:term":[{"taxonomy":"product_brand","embeddable":true,"href":"https:\/\/www.ernstbrunn-apotheke.at\/katalog\/wp-json\/wp\/v2\/product_brand?post=96949"},{"taxonomy":"product_cat","embeddable":true,"href":"https:\/\/www.ernstbrunn-apotheke.at\/katalog\/wp-json\/wp\/v2\/product_cat?post=96949"},{"taxonomy":"product_tag","embeddable":true,"href":"https:\/\/www.ernstbrunn-apotheke.at\/katalog\/wp-json\/wp\/v2\/product_tag?post=96949"}],"curies":[{"name":"wp","href":"https:\/\/api.w.org\/{rel}","templated":true}]}}