{"id":96816,"date":"2025-11-12T10:51:02","date_gmt":"2025-11-12T09:51:02","guid":{"rendered":"https:\/\/www.ernstbrunn-apotheke.at\/katalog\/produkt\/pure-encapsulations-l-glutamin-pulver-186-g\/"},"modified":"2025-12-08T20:50:40","modified_gmt":"2025-12-08T19:50:40","slug":"pure-encapsulations-l-glutamin-pulver-186-g","status":"publish","type":"product","link":"https:\/\/www.ernstbrunn-apotheke.at\/katalog\/produkt\/pure-encapsulations-l-glutamin-pulver-186-g\/","title":{"rendered":"Pure Encapsulations L-Glutamin Pulver 186 g"},"content":{"rendered":"<p>L-Glutamin von Pure Encapsulations praktisch als Pulver. Unterst\u00fctzt die Deckung eines erh\u00f6hten Bedarfs, etwa bei intensiver Belastung der Muskeln im Sport.Die Aminos\u00e4ure L-Glutamin kommt in hoher Konzentration in den Muskeln vor und \u00fcbernimmt zahlreiche Aufgaben: Sie ist unter anderem am Aufbau von K\u00f6rpereiwei\u00df beteiligt und wird von bestimmten K\u00f6rperzellen, wie etwa den Muskel- oder Darmschleimhautzellen, als Energiequelle genutzt. Steigt der Energiebedarf der K\u00f6rperzellen, so wird auch mehr Glutamin ben\u00f6tigt. Unser Organismus kann L-Glutamin zwar selbst im Skelettmuskel aus Glutamins\u00e4ure bilden \u2013 in Zeiten erh\u00f6hten Bedarfs, etwa bei intensiver muskul\u00e4rer Belastung, kann eine erg\u00e4nzende Zufuhr allerdings empfehlenswert sein. L-Glutamin als Pulver wird ganz einfach in Wasser oder Fruchtsaft einger\u00fchrt und bietet au\u00dferdem die M\u00f6glichkeit, individuell zu dosieren..<\/p>\n","protected":false},"excerpt":{"rendered":"<p>L-Glutamin von Pure Encapsulations praktisch als Pulver. Unterst\u00fctzt die Deckung eines erh\u00f6hten Bedarfs, etwa bei intensiver Belastung der Muskeln im Sport.Die Aminos\u00e4ure L-Glutamin kommt in hoher Konzentration in den Muskeln vor und \u00fcbernimmt zahlreiche Aufgaben: Sie ist unter anderem am Aufbau von K\u00f6rpereiwei\u00df beteiligt und wird von bestimmten K\u00f6rperzellen, wie etwa den Muskel- oder Darmschleimhautzellen, [&hellip;]<\/p>\n","protected":false},"featured_media":96818,"template":"","meta":{"_acf_changed":false},"product_brand":[336],"product_cat":[793],"product_tag":[],"class_list":{"0":"post-96816","1":"product","2":"type-product","3":"status-publish","4":"has-post-thumbnail","6":"product_brand-pure-encapsulations","7":"product_cat-p","8":"pa_packungsgroesse-186g","10":"first","11":"instock","12":"shipping-taxable","13":"purchasable","14":"product-type-simple"},"acf":[],"_links":{"self":[{"href":"https:\/\/www.ernstbrunn-apotheke.at\/katalog\/wp-json\/wp\/v2\/product\/96816","targetHints":{"allow":["GET"]}}],"collection":[{"href":"https:\/\/www.ernstbrunn-apotheke.at\/katalog\/wp-json\/wp\/v2\/product"}],"about":[{"href":"https:\/\/www.ernstbrunn-apotheke.at\/katalog\/wp-json\/wp\/v2\/types\/product"}],"wp:featuredmedia":[{"embeddable":true,"href":"https:\/\/www.ernstbrunn-apotheke.at\/katalog\/wp-json\/wp\/v2\/media\/96818"}],"wp:attachment":[{"href":"https:\/\/www.ernstbrunn-apotheke.at\/katalog\/wp-json\/wp\/v2\/media?parent=96816"}],"wp:term":[{"taxonomy":"product_brand","embeddable":true,"href":"https:\/\/www.ernstbrunn-apotheke.at\/katalog\/wp-json\/wp\/v2\/product_brand?post=96816"},{"taxonomy":"product_cat","embeddable":true,"href":"https:\/\/www.ernstbrunn-apotheke.at\/katalog\/wp-json\/wp\/v2\/product_cat?post=96816"},{"taxonomy":"product_tag","embeddable":true,"href":"https:\/\/www.ernstbrunn-apotheke.at\/katalog\/wp-json\/wp\/v2\/product_tag?post=96816"}],"curies":[{"name":"wp","href":"https:\/\/api.w.org\/{rel}","templated":true}]}}