{"id":96802,"date":"2025-11-12T10:50:09","date_gmt":"2025-11-12T09:50:09","guid":{"rendered":"https:\/\/www.ernstbrunn-apotheke.at\/katalog\/produkt\/sonnentor-basen-fastenzeit-tee-18-stk-bio\/"},"modified":"2025-12-08T20:50:37","modified_gmt":"2025-12-08T19:50:37","slug":"sonnentor-basen-fastenzeit-tee-18-stk-bio","status":"publish","type":"product","link":"https:\/\/www.ernstbrunn-apotheke.at\/katalog\/produkt\/sonnentor-basen-fastenzeit-tee-18-stk-bio\/","title":{"rendered":"Sonnentor Basen Fastenzeit Tee 18 Stk.  BIO"},"content":{"rendered":"<p>Sonnentor Basen Fastenzeit Tee ist eine tonisierende Bio-Kr\u00e4uterteemischung zur Unterst\u00fctzung des K\u00f6rpers w\u00e4hrend einer Fastenkur. Die blumige Note dieses Kr\u00e4utertees ist der ideale Begleiter f\u00fcr Ihre kleine Auszeit.<\/p>\n","protected":false},"excerpt":{"rendered":"<p>Sonnentor Basen Fastenzeit Tee ist eine tonisierende Bio-Kr\u00e4uterteemischung zur Unterst\u00fctzung des K\u00f6rpers w\u00e4hrend einer Fastenkur. Die blumige Note dieses Kr\u00e4utertees ist der ideale Begleiter f\u00fcr Ihre kleine Auszeit.<\/p>\n","protected":false},"featured_media":96804,"template":"","meta":{"_acf_changed":false},"product_brand":[925],"product_cat":[791],"product_tag":[],"class_list":{"0":"post-96802","1":"product","2":"type-product","3":"status-publish","4":"has-post-thumbnail","6":"product_brand-sonnentor","7":"product_cat-s","8":"pa_packungsgroesse-18-beutel","10":"first","11":"instock","12":"shipping-taxable","13":"purchasable","14":"product-type-simple"},"acf":[],"_links":{"self":[{"href":"https:\/\/www.ernstbrunn-apotheke.at\/katalog\/wp-json\/wp\/v2\/product\/96802","targetHints":{"allow":["GET"]}}],"collection":[{"href":"https:\/\/www.ernstbrunn-apotheke.at\/katalog\/wp-json\/wp\/v2\/product"}],"about":[{"href":"https:\/\/www.ernstbrunn-apotheke.at\/katalog\/wp-json\/wp\/v2\/types\/product"}],"wp:featuredmedia":[{"embeddable":true,"href":"https:\/\/www.ernstbrunn-apotheke.at\/katalog\/wp-json\/wp\/v2\/media\/96804"}],"wp:attachment":[{"href":"https:\/\/www.ernstbrunn-apotheke.at\/katalog\/wp-json\/wp\/v2\/media?parent=96802"}],"wp:term":[{"taxonomy":"product_brand","embeddable":true,"href":"https:\/\/www.ernstbrunn-apotheke.at\/katalog\/wp-json\/wp\/v2\/product_brand?post=96802"},{"taxonomy":"product_cat","embeddable":true,"href":"https:\/\/www.ernstbrunn-apotheke.at\/katalog\/wp-json\/wp\/v2\/product_cat?post=96802"},{"taxonomy":"product_tag","embeddable":true,"href":"https:\/\/www.ernstbrunn-apotheke.at\/katalog\/wp-json\/wp\/v2\/product_tag?post=96802"}],"curies":[{"name":"wp","href":"https:\/\/api.w.org\/{rel}","templated":true}]}}