{"id":96754,"date":"2025-11-12T10:49:28","date_gmt":"2025-11-12T09:49:28","guid":{"rendered":"https:\/\/www.ernstbrunn-apotheke.at\/katalog\/produkt\/la-roche-posay-anthelios-mineral-one-lsf-50-04-brown-30-ml\/"},"modified":"2025-12-08T20:50:23","modified_gmt":"2025-12-08T19:50:23","slug":"la-roche-posay-anthelios-mineral-one-lsf-50-04-brown-30-ml","status":"publish","type":"product","link":"https:\/\/www.ernstbrunn-apotheke.at\/katalog\/produkt\/la-roche-posay-anthelios-mineral-one-lsf-50-04-brown-30-ml\/","title":{"rendered":"La Roche-Posay Anthelios Mineral One LSF 50+ 04 Brown 30 ml"},"content":{"rendered":"<p>Anthelios Mineral One ist der mineralische Sonnenschutz f\u00fcr empfindliche Haut, der nur einen mineralischen UV-Filter f\u00fcr einen Breitband-Schutz (UVA, UVB, IR-A und sichtbares Licht) verwendet. Anthelios Mineral One bietet eine nat\u00fcrliche Deckkraft, versorgt die Haut 24 Stunden mit Feuchtigkeit und sch\u00fctzt sie vor UV-bedingten Hautsch\u00e4den. Erh\u00e4ltlich in vier verschiedenen T\u00f6nen.<\/p>\n","protected":false},"excerpt":{"rendered":"<p>Anthelios Mineral One ist der mineralische Sonnenschutz f\u00fcr empfindliche Haut, der nur einen mineralischen UV-Filter f\u00fcr einen Breitband-Schutz (UVA, UVB, IR-A und sichtbares Licht) verwendet. Anthelios Mineral One bietet eine nat\u00fcrliche Deckkraft, versorgt die Haut 24 Stunden mit Feuchtigkeit und sch\u00fctzt sie vor UV-bedingten Hautsch\u00e4den. Erh\u00e4ltlich in vier verschiedenen T\u00f6nen.<\/p>\n","protected":false},"featured_media":0,"template":"","meta":{"_acf_changed":false},"product_brand":[677],"product_cat":[795],"product_tag":[],"class_list":{"0":"post-96754","1":"product","2":"type-product","3":"status-publish","5":"product_brand-la-roche-posay","6":"product_cat-l","7":"pa_packungsgroesse-30ml","9":"first","10":"instock","11":"shipping-taxable","12":"purchasable","13":"product-type-simple"},"acf":[],"_links":{"self":[{"href":"https:\/\/www.ernstbrunn-apotheke.at\/katalog\/wp-json\/wp\/v2\/product\/96754","targetHints":{"allow":["GET"]}}],"collection":[{"href":"https:\/\/www.ernstbrunn-apotheke.at\/katalog\/wp-json\/wp\/v2\/product"}],"about":[{"href":"https:\/\/www.ernstbrunn-apotheke.at\/katalog\/wp-json\/wp\/v2\/types\/product"}],"wp:attachment":[{"href":"https:\/\/www.ernstbrunn-apotheke.at\/katalog\/wp-json\/wp\/v2\/media?parent=96754"}],"wp:term":[{"taxonomy":"product_brand","embeddable":true,"href":"https:\/\/www.ernstbrunn-apotheke.at\/katalog\/wp-json\/wp\/v2\/product_brand?post=96754"},{"taxonomy":"product_cat","embeddable":true,"href":"https:\/\/www.ernstbrunn-apotheke.at\/katalog\/wp-json\/wp\/v2\/product_cat?post=96754"},{"taxonomy":"product_tag","embeddable":true,"href":"https:\/\/www.ernstbrunn-apotheke.at\/katalog\/wp-json\/wp\/v2\/product_tag?post=96754"}],"curies":[{"name":"wp","href":"https:\/\/api.w.org\/{rel}","templated":true}]}}