{"id":96742,"date":"2025-11-12T10:49:28","date_gmt":"2025-11-12T09:49:28","guid":{"rendered":"https:\/\/www.ernstbrunn-apotheke.at\/katalog\/produkt\/la-roche-posay-anthelios-dermo-kids-invisible-spray-lsf-50-200-ml\/"},"modified":"2025-12-08T20:50:18","modified_gmt":"2025-12-08T19:50:18","slug":"la-roche-posay-anthelios-dermo-kids-invisible-spray-lsf-50-200-ml","status":"publish","type":"product","link":"https:\/\/www.ernstbrunn-apotheke.at\/katalog\/produkt\/la-roche-posay-anthelios-dermo-kids-invisible-spray-lsf-50-200-ml\/","title":{"rendered":"La Roche-Posay Anthelios Dermo-Kids Invisible Spray LSF 50+ 200 ml"},"content":{"rendered":"<p>Mit dem Anthelios Demo-Kids Invisible Spray LSF 50+ wird die Haut langanhaltend gesch\u00fctzt. Es reduziert den Einfluss \u00e4u\u00dferer Reizfaktoren wie UVA-, UVB-, Infrarot-Strahlung und Schmutz\/Staub. Dadurch bietet das Sonnenspray sehr hohen Schutz f\u00fcr empfindliche Kinderhaut. Gleichzeitig ist die Formel ultra leicht, sodass sie keine wei\u00dfen Stellen auf der Haut hinterl\u00e4sst. Das Spray ist resistent gegen Wasser, Schwei\u00df sowie Sand und l\u00e4sst sich einfach auf der Haut verteilen. Polymere sorgen daf\u00fcr, dass \u00d6l in Wasser eingeschlossen wird und der Sonnenschutz nicht in die Augen l\u00e4uft. Das Sonnenspray f\u00fcr Kinder ist zudem frei von Duftstoffen. Empfindliche, zu Sonnenallergie neigende Haut wird geschont und umfassend gesch\u00fctzt.<\/p>\n","protected":false},"excerpt":{"rendered":"<p>Mit dem Anthelios Demo-Kids Invisible Spray LSF 50+ wird die Haut langanhaltend gesch\u00fctzt. Es reduziert den Einfluss \u00e4u\u00dferer Reizfaktoren wie UVA-, UVB-, Infrarot-Strahlung und Schmutz\/Staub. Dadurch bietet das Sonnenspray sehr hohen Schutz f\u00fcr empfindliche Kinderhaut. Gleichzeitig ist die Formel ultra leicht, sodass sie keine wei\u00dfen Stellen auf der Haut hinterl\u00e4sst. Das Spray ist resistent gegen [&hellip;]<\/p>\n","protected":false},"featured_media":96744,"template":"","meta":{"_acf_changed":false},"product_brand":[677],"product_cat":[795],"product_tag":[],"class_list":{"0":"post-96742","1":"product","2":"type-product","3":"status-publish","4":"has-post-thumbnail","6":"product_brand-la-roche-posay","7":"product_cat-l","8":"pa_packungsgroesse-200ml","10":"first","11":"instock","12":"shipping-taxable","13":"purchasable","14":"product-type-simple"},"acf":[],"_links":{"self":[{"href":"https:\/\/www.ernstbrunn-apotheke.at\/katalog\/wp-json\/wp\/v2\/product\/96742","targetHints":{"allow":["GET"]}}],"collection":[{"href":"https:\/\/www.ernstbrunn-apotheke.at\/katalog\/wp-json\/wp\/v2\/product"}],"about":[{"href":"https:\/\/www.ernstbrunn-apotheke.at\/katalog\/wp-json\/wp\/v2\/types\/product"}],"wp:featuredmedia":[{"embeddable":true,"href":"https:\/\/www.ernstbrunn-apotheke.at\/katalog\/wp-json\/wp\/v2\/media\/96744"}],"wp:attachment":[{"href":"https:\/\/www.ernstbrunn-apotheke.at\/katalog\/wp-json\/wp\/v2\/media?parent=96742"}],"wp:term":[{"taxonomy":"product_brand","embeddable":true,"href":"https:\/\/www.ernstbrunn-apotheke.at\/katalog\/wp-json\/wp\/v2\/product_brand?post=96742"},{"taxonomy":"product_cat","embeddable":true,"href":"https:\/\/www.ernstbrunn-apotheke.at\/katalog\/wp-json\/wp\/v2\/product_cat?post=96742"},{"taxonomy":"product_tag","embeddable":true,"href":"https:\/\/www.ernstbrunn-apotheke.at\/katalog\/wp-json\/wp\/v2\/product_tag?post=96742"}],"curies":[{"name":"wp","href":"https:\/\/api.w.org\/{rel}","templated":true}]}}