{"id":96724,"date":"2025-11-12T10:48:34","date_gmt":"2025-11-12T09:48:34","guid":{"rendered":"https:\/\/www.ernstbrunn-apotheke.at\/katalog\/produkt\/vichy-capital-soleil-kids-wet-skin-gel-lsf-50-200-ml\/"},"modified":"2025-12-08T20:50:14","modified_gmt":"2025-12-08T19:50:14","slug":"vichy-capital-soleil-kids-wet-skin-gel-lsf-50-200-ml","status":"publish","type":"product","link":"https:\/\/www.ernstbrunn-apotheke.at\/katalog\/produkt\/vichy-capital-soleil-kids-wet-skin-gel-lsf-50-200-ml\/","title":{"rendered":"VICHY Capital Soleil Kids Wet Skin Gel LSF 50+ 200 ml"},"content":{"rendered":"<p>Die Capital Soleil Kids Wet Skin Gel mit LSF50+ ist eine extra wasserfeste Sonnencreme f\u00fcr Kinder. Der hohe Sonnenschutz wirkt auch im Wasser, sowie nach dem Schwimmen und bietet einen effektiven und lang wirksamen UVA-\/UVB-Breitbandschutz. Die Sonnenpflege f\u00fcr Kinder ist au\u00dferdem schnell und einfach zu verstreichen, auch auf nasser Haut, und sogar f\u00fcr empfindliche Haut geeignet &#8211; dieses und weitere Produkte von VICHY dauerhaft preisreduziert bestellen!<\/p>\n","protected":false},"excerpt":{"rendered":"<p>Die Capital Soleil Kids Wet Skin Gel mit LSF50+ ist eine extra wasserfeste Sonnencreme f\u00fcr Kinder. Der hohe Sonnenschutz wirkt auch im Wasser, sowie nach dem Schwimmen und bietet einen effektiven und lang wirksamen UVA-\/UVB-Breitbandschutz. Die Sonnenpflege f\u00fcr Kinder ist au\u00dferdem schnell und einfach zu verstreichen, auch auf nasser Haut, und sogar f\u00fcr empfindliche Haut [&hellip;]<\/p>\n","protected":false},"featured_media":96726,"template":"","meta":{"_acf_changed":false},"product_brand":[675],"product_cat":[799],"product_tag":[],"class_list":{"0":"post-96724","1":"product","2":"type-product","3":"status-publish","4":"has-post-thumbnail","6":"product_brand-vichy","7":"product_cat-v","8":"pa_packungsgroesse-200ml","10":"first","11":"instock","12":"shipping-taxable","13":"purchasable","14":"product-type-simple"},"acf":[],"_links":{"self":[{"href":"https:\/\/www.ernstbrunn-apotheke.at\/katalog\/wp-json\/wp\/v2\/product\/96724","targetHints":{"allow":["GET"]}}],"collection":[{"href":"https:\/\/www.ernstbrunn-apotheke.at\/katalog\/wp-json\/wp\/v2\/product"}],"about":[{"href":"https:\/\/www.ernstbrunn-apotheke.at\/katalog\/wp-json\/wp\/v2\/types\/product"}],"wp:featuredmedia":[{"embeddable":true,"href":"https:\/\/www.ernstbrunn-apotheke.at\/katalog\/wp-json\/wp\/v2\/media\/96726"}],"wp:attachment":[{"href":"https:\/\/www.ernstbrunn-apotheke.at\/katalog\/wp-json\/wp\/v2\/media?parent=96724"}],"wp:term":[{"taxonomy":"product_brand","embeddable":true,"href":"https:\/\/www.ernstbrunn-apotheke.at\/katalog\/wp-json\/wp\/v2\/product_brand?post=96724"},{"taxonomy":"product_cat","embeddable":true,"href":"https:\/\/www.ernstbrunn-apotheke.at\/katalog\/wp-json\/wp\/v2\/product_cat?post=96724"},{"taxonomy":"product_tag","embeddable":true,"href":"https:\/\/www.ernstbrunn-apotheke.at\/katalog\/wp-json\/wp\/v2\/product_tag?post=96724"}],"curies":[{"name":"wp","href":"https:\/\/api.w.org\/{rel}","templated":true}]}}