{"id":96706,"date":"2025-11-12T10:48:34","date_gmt":"2025-11-12T09:48:34","guid":{"rendered":"https:\/\/www.ernstbrunn-apotheke.at\/katalog\/produkt\/vichy-capital-soleil-beta-carotin-spray-lsf-50\/"},"modified":"2025-12-08T20:50:11","modified_gmt":"2025-12-08T19:50:11","slug":"vichy-capital-soleil-beta-carotin-spray-lsf-50","status":"publish","type":"product","link":"https:\/\/www.ernstbrunn-apotheke.at\/katalog\/produkt\/vichy-capital-soleil-beta-carotin-spray-lsf-50\/","title":{"rendered":"VICHY Capital Soleil Beta Carotin Spray LSF 50"},"content":{"rendered":"<p>Das Capital Soleil Beta Carotin Spray mit LSF50 kombiniert einen hohen Breitbandschutz mit einem besseren Br\u00e4unungsgrad der Haut. Die leichte Formel der Sonnenpflege von Vichy enth\u00e4lt Beta-Carotin, das f\u00fcr einen ebenm\u00e4\u00dfigeren Teint sorgt. Dazu bewahrt der Lichtschutzfaktor 50 K\u00f6rper und Gesicht vor UVA- und UVB-Strahlen. Die w\u00e4ssrige Textur hinterl\u00e4sst keine wei\u00dfen R\u00fcckst\u00e4nde auf der Haut und das transparente Sonnenspray eignet sich auch f\u00fcr empfindliche Haut &#8211; dieses und weitere Produkte von VICHY dauerhaft preisreduziert bestellen!<\/p>\n","protected":false},"excerpt":{"rendered":"<p>Das Capital Soleil Beta Carotin Spray mit LSF50 kombiniert einen hohen Breitbandschutz mit einem besseren Br\u00e4unungsgrad der Haut. Die leichte Formel der Sonnenpflege von Vichy enth\u00e4lt Beta-Carotin, das f\u00fcr einen ebenm\u00e4\u00dfigeren Teint sorgt. Dazu bewahrt der Lichtschutzfaktor 50 K\u00f6rper und Gesicht vor UVA- und UVB-Strahlen. Die w\u00e4ssrige Textur hinterl\u00e4sst keine wei\u00dfen R\u00fcckst\u00e4nde auf der Haut [&hellip;]<\/p>\n","protected":false},"featured_media":96708,"template":"","meta":{"_acf_changed":false},"product_brand":[675],"product_cat":[799],"product_tag":[],"class_list":{"0":"post-96706","1":"product","2":"type-product","3":"status-publish","4":"has-post-thumbnail","6":"product_brand-vichy","7":"product_cat-v","8":"pa_packungsgroesse-200ml","10":"first","11":"instock","12":"shipping-taxable","13":"purchasable","14":"product-type-simple"},"acf":[],"_links":{"self":[{"href":"https:\/\/www.ernstbrunn-apotheke.at\/katalog\/wp-json\/wp\/v2\/product\/96706","targetHints":{"allow":["GET"]}}],"collection":[{"href":"https:\/\/www.ernstbrunn-apotheke.at\/katalog\/wp-json\/wp\/v2\/product"}],"about":[{"href":"https:\/\/www.ernstbrunn-apotheke.at\/katalog\/wp-json\/wp\/v2\/types\/product"}],"wp:featuredmedia":[{"embeddable":true,"href":"https:\/\/www.ernstbrunn-apotheke.at\/katalog\/wp-json\/wp\/v2\/media\/96708"}],"wp:attachment":[{"href":"https:\/\/www.ernstbrunn-apotheke.at\/katalog\/wp-json\/wp\/v2\/media?parent=96706"}],"wp:term":[{"taxonomy":"product_brand","embeddable":true,"href":"https:\/\/www.ernstbrunn-apotheke.at\/katalog\/wp-json\/wp\/v2\/product_brand?post=96706"},{"taxonomy":"product_cat","embeddable":true,"href":"https:\/\/www.ernstbrunn-apotheke.at\/katalog\/wp-json\/wp\/v2\/product_cat?post=96706"},{"taxonomy":"product_tag","embeddable":true,"href":"https:\/\/www.ernstbrunn-apotheke.at\/katalog\/wp-json\/wp\/v2\/product_tag?post=96706"}],"curies":[{"name":"wp","href":"https:\/\/api.w.org\/{rel}","templated":true}]}}