{"id":96634,"date":"2025-11-12T10:46:14","date_gmt":"2025-11-12T09:46:14","guid":{"rendered":"https:\/\/www.ernstbrunn-apotheke.at\/katalog\/produkt\/perskindol-thermo-hot-gel\/"},"modified":"2025-12-08T20:49:54","modified_gmt":"2025-12-08T19:49:54","slug":"perskindol-thermo-hot-gel","status":"publish","type":"product","link":"https:\/\/www.ernstbrunn-apotheke.at\/katalog\/produkt\/perskindol-thermo-hot-gel\/","title":{"rendered":"Perskindol Thermo Hot Gel"},"content":{"rendered":"<p>Perskindol Thermo Hot Gel ist ein w\u00e4rmendes Gel mit \u00e4thersichen \u00d6len, welches zur Schmerzlinderung und Entspannung sowie zur Unterst\u00fctzung beim Aufw\u00e4rmen der Muskulatur vor dem Sport angewendet werden kann. Durch den W\u00e4rmeeffekt werden Schmerzen gelindert, Verspannungen gel\u00f6st und die Durchblutung der Muskulatur gef\u00f6rdert, um die Heilung anzuregen.<\/p>\n","protected":false},"excerpt":{"rendered":"<p>Perskindol Thermo Hot Gel ist ein w\u00e4rmendes Gel mit \u00e4thersichen \u00d6len, welches zur Schmerzlinderung und Entspannung sowie zur Unterst\u00fctzung beim Aufw\u00e4rmen der Muskulatur vor dem Sport angewendet werden kann. Durch den W\u00e4rmeeffekt werden Schmerzen gelindert, Verspannungen gel\u00f6st und die Durchblutung der Muskulatur gef\u00f6rdert, um die Heilung anzuregen.<\/p>\n","protected":false},"featured_media":96636,"template":"","meta":{"_acf_changed":false},"product_brand":[995],"product_cat":[793],"product_tag":[],"class_list":{"0":"post-96634","1":"product","2":"type-product","3":"status-publish","4":"has-post-thumbnail","6":"product_brand-perskindol","7":"product_cat-p","8":"pa_packungsgroesse-100ml","10":"first","11":"instock","12":"shipping-taxable","13":"purchasable","14":"product-type-simple"},"acf":[],"_links":{"self":[{"href":"https:\/\/www.ernstbrunn-apotheke.at\/katalog\/wp-json\/wp\/v2\/product\/96634","targetHints":{"allow":["GET"]}}],"collection":[{"href":"https:\/\/www.ernstbrunn-apotheke.at\/katalog\/wp-json\/wp\/v2\/product"}],"about":[{"href":"https:\/\/www.ernstbrunn-apotheke.at\/katalog\/wp-json\/wp\/v2\/types\/product"}],"wp:featuredmedia":[{"embeddable":true,"href":"https:\/\/www.ernstbrunn-apotheke.at\/katalog\/wp-json\/wp\/v2\/media\/96636"}],"wp:attachment":[{"href":"https:\/\/www.ernstbrunn-apotheke.at\/katalog\/wp-json\/wp\/v2\/media?parent=96634"}],"wp:term":[{"taxonomy":"product_brand","embeddable":true,"href":"https:\/\/www.ernstbrunn-apotheke.at\/katalog\/wp-json\/wp\/v2\/product_brand?post=96634"},{"taxonomy":"product_cat","embeddable":true,"href":"https:\/\/www.ernstbrunn-apotheke.at\/katalog\/wp-json\/wp\/v2\/product_cat?post=96634"},{"taxonomy":"product_tag","embeddable":true,"href":"https:\/\/www.ernstbrunn-apotheke.at\/katalog\/wp-json\/wp\/v2\/product_tag?post=96634"}],"curies":[{"name":"wp","href":"https:\/\/api.w.org\/{rel}","templated":true}]}}